{"id":101,"date":"2021-01-28T10:09:56","date_gmt":"2021-01-28T09:09:56","guid":{"rendered":"http:\/\/172.16.12.134\/~lninci\/WP-protezionecivilecalabria\/public\/?page_id=101"},"modified":"2021-05-12T10:36:11","modified_gmt":"2021-05-12T08:36:11","slug":"il-ruolo-del-volontariato-nella-protezione-civile","status":"publish","type":"page","link":"https:\/\/www.protezionecivilecalabria.it\/?page_id=101","title":{"rendered":"Il ruolo del volontariato nella Protezione Civile"},"content":{"rendered":"<p style=\"text-align: justify;\"><img loading=\"lazy\" class=\"size-medium wp-image-103 alignleft\" src=\"https:\/\/www.protezionecivilecalabria.it\/wp-content\/uploads\/9d6870890a00-13fb-be11-8416-46398fb6\" alt=\"Il volontariato\" width=\"300\" height=\"199\" align=\"left\" srcset=\"https:\/\/www.protezionecivilecalabria.it\/\/wp-content\/uploads\/9d6870890a00-13fb-be11-8416-46398fb6 300w, https:\/\/www.protezionecivilecalabria.it\/\/wp-content\/uploads\/9d6870890a00-13fb-be11-8416-7ad29896 323w\" sizes=\"(max-width: 300px) 100vw, 300px\" \/>Il Volontariato \u00e8 una \u201c<em><u>struttura operativa<\/u><\/em>\u201d del servizio della protezione civile &#8211; alla stregua delle componenti istituzionali come il Corpo nazionale dei Vigili del Fuoco, le Forze Armate, le Forze di Polizia ecc (L. 24 febbraio 1992, n. 225) &#8211; con funzioni di supporto alle azioni di protezione civile adottate dalle istituzioni, sia nell\u2019ambito delle attivit\u00e0 di previsione e prevenzione delle varie ipotesi di rischio e nelle attivit\u00e0 di soccorso, che della fattiva ed indispensabile attivit\u00e0 di collaborazione alla sensibilizzazione civile nei confronti della collettivit\u00e0 alle problematiche di protezione civile.<\/p>\n<p style=\"text-align: justify;\">Il riconoscimento del ruolo svolto dal volontariato di protezione civile \u00e8 comprovato anche dai regolamenti che lo Stato ha emanato per disciplinare la partecipazione delle organizzazioni di volontariato in tutte quelle azioni in cui si esplica l\u2019attivit\u00e0 di protezione civile: pianificazione, previsione, prevenzione, soccorso, addestramento e simulazione di emergenza, attivit\u00e0 di ricerca, recupero e salvataggio in acqua e formazione teorico-pratica (D.P.R. 21 settembre 1994, n. 613 e D.P.R. 8 febbraio 2001, n. 194).<\/p>\n<p style=\"text-align: justify;\">Nelle varie emergenze in cui si \u00e8 trovato ad operare il volontariato ha dimostrato di essere in grado di fornire un servizio organizzato tale da garantire capillarit\u00e0, efficacia e tempestivit\u00e0 d\u2019intervento, integrandosi con le forze istituzionali presenti sul territorio e valorizzando nel contempo l\u2019apporto della cittadinanza negli interventi di protezione civile.<\/p>\n<p style=\"text-align: justify;\">In emergenze di protezione civile i volontari devono intervenire su richiesta delle Autorit\u00e0 preposte e con il coordinamento delle medesime.<\/p>\n<p style=\"text-align: justify;\">A livello comunale e\/o intercomunale spettano ai Comuni le funzioni connesse all&#8217;impiego del volontariato di protezione civile, sulla base degli indirizzi nazionali e regionali, nonch\u00e8 la vigilanza sulle relative attivit\u00e0 (art. 108 D.Lgs. 112\/98 &#8211; art.122 L.R.34\/2002).<\/p>\n<p style=\"text-align: justify;\">L&#8217;attivit\u00e0 di volontariato non deve perseguire fini di lucro o di vantaggio personale, e deve essere svolta in forma spontanea, gratuita e per fini di solidariet\u00e0.<\/p>\n<p style=\"text-align: justify;\">I singoli cittadini che intendano prestare attivit\u00e0 di volontariato di protezione civile attraverso un&#8217;organizzazione di volontariato riconosciuta, possono orientare la propria scelta in funzione:<\/p>\n<ul style=\"text-align: justify;\">\n<li style=\"text-align: justify;\">delle organizzazioni legalmente costituite nel territorio di appartenenza e dei fini da queste perseguiti dai rispettivi statuti associativi (o dai regolamenti dei gruppi comunali);<\/li>\n<li style=\"text-align: justify;\">delle esigenze del territorio in relazione ai rischi presenti su di esso;<\/li>\n<li style=\"text-align: justify;\">del tipo di attivit\u00e0 specialistica di protezione civile che si intende svolgere come volontario;<\/li>\n<li style=\"text-align: justify;\">del tipo di disponibilit\u00e0 che si intende fornire come volontario (a livello comunale, provinciale, nazionale, internazionale).<\/li>\n<\/ul>\n<p style=\"text-align: justify;\">E\u2019 bene ricordare che ai volontari aderenti ad organizzazioni di volontariato, impiegati in attivit\u00e0 di soccorso ed assistenza in vista o in occasione delle emergenze, sono garantiti, relativamente al periodo di effettivo impiego che il datore di lavoro peraltro \u00e8 tenuto a consentire, il mantenimento del posto di lavoro e del trattamento economico e previdenziale da parte del datore di lavoro, nonch\u00e9 la copertura assicurativa.<\/p>\n<p style=\"text-align: justify;\">Anche nell\u2019ambito del Sistema di protezione civile della Regione Calabria, il volontariato si distingue come la componente operativa pi\u00f9 numerosa. Nella Regione si contano attualmente poco meno di 4.000 volontari di protezione civile appartenenti a circa 250 tra Associazioni di volontariato e Gruppi comunali di volontari di protezione civile.<\/p>\n<p style=\"text-align: justify;\">Sono considerate associazioni di volontariato quelle associazioni liberamente costituite che, per fini solidaristici e gratuitamente, si occupano prevalentemente o hanno finalit\u00e0 di protezione civile, dotate di un\u2019organizzazione specifica costituita da nuclei autosufficienti ed in grado di essere mobilitate per interventi di protezione civile, in sede locale, regionale ed extraregionale.<\/p>\n<p style=\"text-align: justify;\">Le organizzazioni di volontariato vengono classificate per competenza professionale e specialit\u00e0 e per livello di operativit\u00e0 all\u2019interno degli ambiti territoriali di livello comunale, sovracomunale, provinciale o regionale. I settori di attivit\u00e0 sono: comunicazioni, soccorso sanitario, antincendio, soccorso alpino e speleologico, soccorso in acqua, unit\u00e0 cinofile, tecnico logistico, ausiliario e di assistenza, chimico e nucleare.<\/p>\n<p style=\"text-align: justify;\">Per quanto concerne le forme di partecipazione alle attivit\u00e0 di protezione civile, i volontari, possono essere impiegati in caso di emergenza o per situazioni di preallarme sul territorio regionale, nonch\u00e9 per le esercitazioni settoriali o globali organizzate al fine di migliorare il grado di operativit\u00e0 e di alta specializzazione dei volontari stessi e di tutta la struttura di appartenenza.<\/p>\n<p style=\"text-align: justify;\">I Gruppi comunali di volontari di protezione civile della Regione sono formati da cittadini che prestano la loro opera, senza fini di lucro o vantaggi personali, in attivit\u00e0 di previsione, prevenzione e soccorso in caso di calamit\u00e0 che interessano il relativo territorio, nonch\u00e9 il ripristino a seguito dell\u2019emergenza.<\/p>\n<p style=\"text-align: justify;\"><span style=\"text-decoration: underline;\">Il responsabile della struttura comunale di protezione civile \u00e8 il <strong>Sindaco,<\/strong> che \u00e8 la <strong>prima autorit\u00e0 di protezione civile<\/strong><\/span>. All\u2019interno del Gruppo comunale possono essere formate squadre specializzate, in relazione a particolari e diversificati rischi incombenti sul rispettivo territorio.<\/p>\n<p style=\"text-align: justify;\">I Gruppi comunali di protezione civile costituiscono un fenomeno di grande rilievo nel contesto regionale sia per il numero di persone coinvolte, sia per la mole dell\u2019attivit\u00e0 svolta non solo durante le emergenze ma anche in condizioni di normalit\u00e0. Un ulteriore aspetto di particolare rilievo consiste nel positivo rapporto di collaborazione che il Gruppo comunale riesce ad instaurare con le comunit\u00e0 locali.<\/p>\n<p style=\"text-align: justify;\">Tra i corsi specialistici si annoverano, tra gli altri, i corsi dedicati ai volontari antincendio boschivo (AIB).<\/p>\n<p style=\"text-align: justify;\">Grazie infatti alla capillare diffusione su tutto il territorio regionale, ed in particolare nelle aree pi\u00f9 a rischio, i gruppi assicurano efficienza al sistema di protezione civile, svolgendo una preziosa funzione di controllo e di presidio del territorio e promuovendo la cultura di protezione civile e di salvaguardia dell\u2019ambiente.<\/p>\n","protected":false},"excerpt":{"rendered":"<p>Il Volontariato \u00e8 una \u201cstruttura operativa\u201d del servizio della protezione civile &#8211; alla stregua delle componenti istituzionali come il Corpo nazionale dei Vigili del Fuoco, le Forze Armate, le Forze di Polizia ecc (L.<\/p>\n","protected":false},"author":1,"featured_media":0,"parent":0,"menu_order":0,"comment_status":"closed","ping_status":"closed","template":"","meta":{"_EventAllDay":false,"_EventTimezone":"","_EventStartDate":"","_EventEndDate":"","_EventStartDateUTC":"","_EventEndDateUTC":"","_EventShowMap":false,"_EventShowMapLink":false,"_EventURL":"","_EventCost":"","_EventCostDescription":"","_EventCurrencySymbol":"","_EventCurrencyCode":"","_EventCurrencyPosition":"","_EventDateTimeSeparator":"","_EventTimeRangeSeparator":"","_EventOrganizerID":[],"_EventVenueID":0,"_OrganizerEmail":"","_OrganizerPhone":"","_OrganizerWebsite":"","_VenueAddress":"","_VenueCity":"","_VenueCountry":"","_VenueProvince":"","_VenueZip":"","_VenuePhone":"","_VenueURL":"","_VenueStateProvince":"","_VenueLat":"","_VenueLng":"","_price":"","_stock":"","_tribe_ticket_header":"","_tribe_default_ticket_provider":"","_tribe_ticket_capacity":"0","_ticket_start_date":"","_ticket_end_date":"","_tribe_ticket_show_description":"","_tribe_ticket_show_not_going":false,"_tribe_ticket_use_global_stock":"","_tribe_ticket_global_stock_level":"","_global_stock_mode":"","_global_stock_cap":"","_tribe_rsvp_for_event":"","_tribe_ticket_going_count":"","_tribe_ticket_not_going_count":"","_tribe_tickets_list":[],"_tribe_ticket_has_attendee_info_fields":false},"tags":[37,29,55,56,57],"featured_image_urls":{"full":"","thumbnail":"","medium":"","medium_large":"","large":"","1536x1536":"","2048x2048":"","post-thumbnails":"","news-image":"","gallery-preview":"","shareaholic-thumbnail":"","tptn_thumbnail":""},"post_excerpt_stackable":"<p>Il Volontariato \u00e8 una \u201cstruttura operativa\u201d del servizio della protezione civile &#8211; alla stregua delle componenti istituzionali come il Corpo nazionale dei Vigili del Fuoco, le Forze Armate, le Forze di Polizia ecc (L. 24 febbraio 1992, n. 225) &#8211; con funzioni di supporto alle azioni di protezione civile adottate dalle istituzioni, sia nell\u2019ambito delle attivit\u00e0 di previsione e prevenzione delle varie ipotesi di rischio e nelle attivit\u00e0 di soccorso, che della fattiva ed indispensabile attivit\u00e0 di collaborazione alla sensibilizzazione civile nei confronti della collettivit\u00e0 alle problematiche di protezione civile. Il riconoscimento del ruolo svolto dal volontariato di protezione civile&hellip;<\/p>\n","category_list":"","author_info":{"name":"ftrinca","url":"https:\/\/www.protezionecivilecalabria.it\/?author=1"},"comments_num":"0 comments","ticketed":false,"_links":{"self":[{"href":"https:\/\/www.protezionecivilecalabria.it\/index.php?rest_route=\/wp\/v2\/pages\/101"}],"collection":[{"href":"https:\/\/www.protezionecivilecalabria.it\/index.php?rest_route=\/wp\/v2\/pages"}],"about":[{"href":"https:\/\/www.protezionecivilecalabria.it\/index.php?rest_route=\/wp\/v2\/types\/page"}],"author":[{"embeddable":true,"href":"https:\/\/www.protezionecivilecalabria.it\/index.php?rest_route=\/wp\/v2\/users\/1"}],"replies":[{"embeddable":true,"href":"https:\/\/www.protezionecivilecalabria.it\/index.php?rest_route=%2Fwp%2Fv2%2Fcomments&post=101"}],"version-history":[{"count":5,"href":"https:\/\/www.protezionecivilecalabria.it\/index.php?rest_route=\/wp\/v2\/pages\/101\/revisions"}],"predecessor-version":[{"id":386,"href":"https:\/\/www.protezionecivilecalabria.it\/index.php?rest_route=\/wp\/v2\/pages\/101\/revisions\/386"}],"wp:attachment":[{"href":"https:\/\/www.protezionecivilecalabria.it\/index.php?rest_route=%2Fwp%2Fv2%2Fmedia&parent=101"}],"wp:term":[{"taxonomy":"post_tag","embeddable":true,"href":"https:\/\/www.protezionecivilecalabria.it\/index.php?rest_route=%2Fwp%2Fv2%2Ftags&post=101"}],"curies":[{"name":"wp","href":"https:\/\/api.w.org\/{rel}","templated":true}]}}