{"id":265,"date":"2021-04-19T16:15:13","date_gmt":"2021-04-19T14:15:13","guid":{"rendered":"https:\/\/www.protezionecivilecalabria.it\/?page_id=265"},"modified":"2021-05-12T11:22:20","modified_gmt":"2021-05-12T09:22:20","slug":"coronavirus-regione-calabria","status":"publish","type":"page","link":"https:\/\/www.protezionecivilecalabria.it\/?page_id=265","title":{"rendered":"CoronaVirus"},"content":{"rendered":"<h3 style=\"text-align: center;\">Il nuovo sito\u00a0della Protezione Civile della Regione Calabria dedicato al Coronavirus \u00e8 raggiungibile tramite il seguente link:<\/h3>\n<h2 style=\"text-align: center;\"><a href=\"http:\/\/www.rcovid19.it\" rel=\"alternate\">www.rcovid19.it<\/a><\/h2>\n<p style=\"text-align: center;\"><img loading=\"lazy\" class=\"aligncenter wp-image-266 size-full\" src=\"https:\/\/www.protezionecivilecalabria.it\/wp-content\/uploads\/9d6870890a00-13fb-be11-811a-51a84b4f\" alt=\"\" width=\"308\" height=\"164\" srcset=\"https:\/\/www.protezionecivilecalabria.it\/\/wp-content\/uploads\/9d6870890a00-13fb-be11-811a-51a84b4f 308w, https:\/\/www.protezionecivilecalabria.it\/\/wp-content\/uploads\/9d6870890a00-13fb-be11-811a-54ff0c5f 300w\" sizes=\"(max-width: 308px) 100vw, 308px\" \/><\/p>\n<hr \/>\n<h2 style=\"text-align: center;\">Nuovo coronavirus e Covid-19 (fonte Ministero della Salute\u00a0<a href=\"http:\/\/www.salute.gov.it\/portale\/nuovocoronavirus\/dettaglioContenutiNuovoCoronavirus.jsp?lingua=italiano&amp;id=5337&amp;area=nuovoCoronavirus&amp;menu=vuoto\" target=\"_blank\" rel=\"alternate noopener\">link<\/a>)<\/h2>\n<div class=\"tab-content\" style=\"text-align: center;\">\n<div><img title=\"illustrazione del virus\" src=\"http:\/\/www.salute.gov.it\/imgs\/C_17_pagineAree_5337_0_immagine.jpg\" alt=\"illustrazione del virus\" \/><\/div>\n<\/div>\n<div style=\"text-align: center;\"><\/div>\n<p style=\"text-align: justify;\">I coronavirus (CoV) sono un\u2019ampia famiglia di virus respiratori che possono causare malattie da lievi a moderate, dal comune raffreddore a sindromi respiratorie come la\u00a0sindrome respiratoria mediorientale (MERS, Middle East respiratory syndrome) e la\u00a0 sindrome respiratoria acuta grave (SARS, Severe acute respiratory syndrome).<br \/>\nSono virus RNA a filamento positivo, con aspetto simile a una corona al microscopio elettronico.\u00a0La sottofamiglia\u00a0<em>Orthocoronavirinae<\/em>\u00a0della famiglia\u00a0<em>Coronaviridae<\/em>\u00a0\u00e8 classificata in quattro generi di coronavirus (CoV): alpha, beta, delta e\u00a0gammacoronavirus.\u00a0Il\u00a0genere del\u00a0betacoronavirus\u00a0\u00e8 ulteriormente separato in cinque sottogeneri (tra i quali il\u00a0Sarbecovirus).<\/p>\n<p style=\"text-align: justify;\">I coronavirus sono stati identificati a met\u00e0 degli anni &#8217;60 e sono noti per infettare l&#8217;uomo ed alcuni animali (inclusi uccelli e mammiferi). Le cellule bersaglio primarie sono quelle epiteliali del tratto respiratorio e gastrointestinale.<\/p>\n<p style=\"text-align: justify;\">Ad oggi, sette coronavirus hanno dimostrato di essere in grado di infettare l&#8217;uomo:<\/p>\n<ul style=\"text-align: justify;\">\n<li>coronavirus umani comuni: HCoV-OC43 e HCoV-HKU1 (Betacoronavirus)\u00a0e\u00a0HCoV-229E e HCoV-NL63 (Alphacoronavirus); essi possono causare raffreddori comuni ma anche gravi infezioni del tratto respiratorio inferiore<\/li>\n<li>altri coronavirus umani (Betacoronavirus): SARS-CoV, MERS-CoV e 2019-nCoV (ora denominato SARS-CoV-2).<\/li>\n<\/ul>\n<h4 style=\"text-align: justify;\"><strong>Nuovo coronavirus SARS-CoV-2<\/strong><\/h4>\n<p style=\"text-align: justify;\">Un nuovo coronavirus \u00e8 un nuovo ceppo di coronavirus che non \u00e8 stato precedentemente mai identificato nell&#8217;uomo. In particolare quello denominato SARS-CoV-2 (precedentemente 2019-nCoV), non \u00e8 mai stato identificato prima di essere segnalato a Wuhan, in Cina, a dicembre 2019.<\/p>\n<p style=\"text-align: justify;\">Nella prima met\u00e0 del mese di febbraio l&#8217;International Committee on Taxonomy of Viruses (ICTV), che si occupa della designazione e della denominazione dei virus (ovvero specie, genere, famiglia, ecc.), ha assegnato al nuovo coronavirus il nome definitivo:\u00a0<strong>&#8220;Sindrome respiratoria acuta grave coronavirus 2&#8221; (SARS-CoV-2).<\/strong>\u00a0A indicare il nome\u00a0\u00e8 stato un gruppo di esperti appositamente incaricati di studiare il nuovo ceppo di coronavirus. Secondo questo pool di scienziati il nuovo coronavirus\u00a0\u00e8 fratello di quello che ha provocato la Sars (SARS-CoVs), da qui il nome scelto di SARS-CoV-2.<\/p>\n<p style=\"text-align: justify;\">Sempre nella prima met\u00e0 del mese di\u00a0febbraio (precisamente l&#8217;11 febbraio) l&#8217;OMS ha annunciato che la malattia respiratoria causata dal nuovo coronavirus \u00e8 stata chiamata\u00a0<strong>COVID-19<\/strong>. La nuova sigla \u00e8 la sintesi dei termini CO-rona VI-rus D-isease e dell&#8217;anno d&#8217;identificazione, 2019.<\/p>\n<h4 style=\"text-align: justify;\"><strong>Sintomi<\/strong><\/h4>\n<p style=\"text-align: justify;\">I sintomi pi\u00f9 comuni di un\u2019infezione da coronavirus nell\u2019uomo includono febbre, tosse, difficolt\u00e0 respiratorie. Nei casi pi\u00f9 gravi, l&#8217;infezione pu\u00f2 causare polmonite, sindrome respiratoria acuta grave, insufficienza renale e persino la morte. In particolare:<\/p>\n<ul style=\"text-align: justify;\">\n<li>I coronavirus umani comuni di solito causano malattie del tratto respiratorio superiore da lievi a moderate, come il comune raffreddore, che durano per un breve periodo di tempo. I sintomi possono includere:\n<ul>\n<li style=\"text-align: left;\">naso che cola<\/li>\n<li style=\"text-align: left;\">mal di testa<\/li>\n<li style=\"text-align: left;\">tosse<\/li>\n<li style=\"text-align: left;\">gola infiammata<\/li>\n<li style=\"text-align: left;\">febbre<\/li>\n<li style=\"text-align: left;\">una sensazione generale di malessere.<\/li>\n<\/ul>\n<\/li>\n<\/ul>\n<p style=\"text-align: justify;\">I sintomi pi\u00f9 comuni di una persona con\u00a0<strong>COVID-19\u00a0<\/strong>sono febbre, stanchezza e tosse secca.\u00a0Alcuni pazienti possono presentare indolenzimento e dolori muscolari, congestione nasale, naso che cola, mal di gola o diarrea.\u00a0Questi sintomi sono generalmente lievi e iniziano gradualmente. Nei casi pi\u00f9 gravi, l&#8217;infezione pu\u00f2 causare polmonite, sindrome respiratoria acuta grave, insufficienza renale e persino la morte.<\/p>\n<p style=\"text-align: justify;\">Come altre malattie respiratorie, l\u2019infezione da nuovo coronavirus pu\u00f2 causare sintomi lievi come raffreddore, mal di gola, tosse e febbre, oppure sintomi pi\u00f9 severi quali polmonite e difficolt\u00e0 respiratorie, pu\u00f2 essere fatale. Le persone anziane e quelle con malattie pre-esistenti, quali ipertensione, malattie cardiache o diabete e i pazienti immunodepressi (per patologia congenita o acquisita o in trattamento con farmaci immunosoppressori, trapiantati) hanno maggiori probabilit\u00e0 di sviluppare forme gravi di malattia.<\/p>\n<p style=\"text-align: justify;\">Dato che i sintomi provocati dal nuovo coronavirus sono aspecifici e simili a quelli del raffreddore comune e del virus dell\u2019influenza \u00e8 possibile, in caso di sospetto, effettuare esami di laboratorio per confermare la diagnosi. Sono a rischio di infezione le persone che vivono o che hanno viaggiato in aree infette dal nuovo coronavirus.<\/p>\n<h4 style=\"text-align: justify;\"><strong>Trasmissione<\/strong><\/h4>\n<p style=\"text-align: justify;\">Il nuovo coronavirus \u00e8 un virus respiratorio che si diffonde principalmente attraverso il contatto con le goccioline del respiro delle persone infette ad esempio tramite:<\/p>\n<ul style=\"text-align: justify;\">\n<li style=\"text-align: left;\">la saliva, tossendo e starnutendo<\/li>\n<li style=\"text-align: left;\">contatti diretti personali<\/li>\n<li style=\"text-align: left;\">le mani, ad esempio toccando con le mani contaminate (non ancora lavate) bocca, naso o occhi.<\/li>\n<\/ul>\n<p style=\"text-align: justify;\">In rari casi il contagio pu\u00f2 avvenire attraverso\u00a0contaminazione fecale.<\/p>\n<p style=\"text-align: justify;\">Normalmente le malattie respiratorie non si tramettono con gli alimenti, che comunque devono essere manipolati rispettando le buone pratiche igieniche ed evitando il contatto fra alimenti crudi e cotti.<\/p>\n<h4 style=\"text-align: justify;\"><strong>Nuovo coronavirus: il punto sui meccanismi di trasmissione<\/strong><\/h4>\n<p style=\"text-align: justify;\">Secondo i dati attualmente disponibili, le persone sintomatiche sono la causa pi\u00f9 frequente di diffusione del virus. L\u2019OMS considera non frequente l\u2019infezione da nuovo coronavirus prima che sviluppino sintomi.<\/p>\n<p style=\"text-align: justify;\">Il periodo di incubazione varia tra 2 e 12 giorni; 14 giorni rappresentano il limite massimo di precauzione.<\/p>\n<p style=\"text-align: justify;\">La via di trasmissione da temere \u00e8 soprattutto quella respiratoria, non quella da superfici contaminate. E\u2019 comunque sempre utile ricordare l\u2019importanza di una corretta igiene delle superfici e delle mani. Anche l\u2019uso di detergenti a base di alcol \u00e8 sufficiente a uccidere il virus.<\/p>\n<p style=\"text-align: justify;\"><strong>Mani<\/strong><\/p>\n<p style=\"text-align: justify;\">Se non sono disponibili acqua e sapone, \u00e8 possibile utilizzare anche un disinfettante per mani a base di alcol (concentrazione di alcol di almeno il 70%).<\/p>\n<p style=\"text-align: justify;\"><strong>Superfici<\/strong><\/p>\n<div style=\"text-align: justify;\">L\u2019utilizzo di semplici disinfettanti \u00e8 in grado di uccidere il virus annullando la sua capacit\u00e0 di infettare le persone, per esempio disinfettanti contenenti alcol (etanolo) al 70% o a base di cloro all\u20190,1% (candeggina).<\/div>\n<p style=\"text-align: justify;\">Le malattie respiratorie normalmente non si trasmettono con gli alimenti. Anche qui il rispetto delle norme igieniche \u00e8 fondamentale.<\/p>\n<h4 style=\"text-align: justify;\"><strong>Trattamento<\/strong><\/h4>\n<p style=\"text-align: justify;\">Non esiste un trattamento specifico per la malattia causata da un nuovo coronavirus e non sono disponibili, al momento, vaccini per proteggersi dal virus. Il trattamento \u00e8 basato sui sintomi del paziente e la terapia di supporto pu\u00f2 essere molto efficace. Terapie specifiche e vaccini sono in fase di studio.<\/p>\n<h4 style=\"text-align: justify;\"><strong>Prevenzione<\/strong><\/h4>\n<p style=\"text-align: justify;\">\u00c8 possibile ridurre il rischio di infezione, proteggendo se stessi e gli altri, seguendo le principali norme di igiene, collaborando all&#8217;attuazione delle misure di isolamento e quarantena in caso di contagio, seguendo le indicazioni delle autorit\u00e0 sanitarie.<\/p>\n<p style=\"text-align: justify;\">L\u2019Organizzazione Mondiale della Sanit\u00e0 raccomanda di indossare una mascherina solo se sospetti di aver contratto il nuovo coronavirus e presenti sintomi quali tosse o starnuti o se ti prendi cura di una persona con sospetta infezione da nuovo coronavirus.<\/p>\n<h2 style=\"text-align: center;\">Dieci regole da seguire<\/h2>\n<p style=\"text-align: center;\"><iframe loading=\"lazy\" title=\"YouTube video player\" src=\"https:\/\/www.youtube.com\/embed\/O8Q04sHB-Og\" width=\"675\" height=\"380\" frameborder=\"0\" allowfullscreen=\"allowfullscreen\"><\/iframe><\/p>\n","protected":false},"excerpt":{"rendered":"<p>Il nuovo sito\u00a0della Protezione Civile della Regione Calabria dedicato al Coronavirus \u00e8 raggiungibile tramite il seguente link: www.<\/p>\n","protected":false},"author":1,"featured_media":0,"parent":0,"menu_order":0,"comment_status":"closed","ping_status":"closed","template":"","meta":{"_EventAllDay":false,"_EventTimezone":"","_EventStartDate":"","_EventEndDate":"","_EventStartDateUTC":"","_EventEndDateUTC":"","_EventShowMap":false,"_EventShowMapLink":false,"_EventURL":"","_EventCost":"","_EventCostDescription":"","_EventCurrencySymbol":"","_EventCurrencyCode":"","_EventCurrencyPosition":"","_EventDateTimeSeparator":"","_EventTimeRangeSeparator":"","_EventOrganizerID":[],"_EventVenueID":0,"_OrganizerEmail":"","_OrganizerPhone":"","_OrganizerWebsite":"","_VenueAddress":"","_VenueCity":"","_VenueCountry":"","_VenueProvince":"","_VenueZip":"","_VenuePhone":"","_VenueURL":"","_VenueStateProvince":"","_VenueLat":"","_VenueLng":"","_price":"","_stock":"","_tribe_ticket_header":"","_tribe_default_ticket_provider":"","_tribe_ticket_capacity":"0","_ticket_start_date":"","_ticket_end_date":"","_tribe_ticket_show_description":"","_tribe_ticket_show_not_going":false,"_tribe_ticket_use_global_stock":"","_tribe_ticket_global_stock_level":"","_global_stock_mode":"","_global_stock_cap":"","_tribe_rsvp_for_event":"","_tribe_ticket_going_count":"","_tribe_ticket_not_going_count":"","_tribe_tickets_list":[],"_tribe_ticket_has_attendee_info_fields":false},"tags":[39,10,38,35,37,36,32,12,33,34],"featured_image_urls":{"full":"","thumbnail":"","medium":"","medium_large":"","large":"","1536x1536":"","2048x2048":"","post-thumbnails":"","news-image":"","gallery-preview":"","shareaholic-thumbnail":"","tptn_thumbnail":""},"post_excerpt_stackable":"<p>Il nuovo sito\u00a0della Protezione Civile della Regione Calabria dedicato al Coronavirus \u00e8 raggiungibile tramite il seguente link: www.rcovid19.it Nuovo coronavirus e Covid-19 (fonte Ministero della Salute\u00a0link) I coronavirus (CoV) sono un\u2019ampia famiglia di virus respiratori che possono causare malattie da lievi a moderate, dal comune raffreddore a sindromi respiratorie come la\u00a0sindrome respiratoria mediorientale (MERS, Middle East respiratory syndrome) e la\u00a0 sindrome respiratoria acuta grave (SARS, Severe acute respiratory syndrome). Sono virus RNA a filamento positivo, con aspetto simile a una corona al microscopio elettronico.\u00a0La sottofamiglia\u00a0Orthocoronavirinae\u00a0della famiglia\u00a0Coronaviridae\u00a0\u00e8 classificata in quattro generi di coronavirus (CoV): alpha, beta, delta e\u00a0gammacoronavirus.\u00a0Il\u00a0genere del\u00a0betacoronavirus\u00a0\u00e8 ulteriormente separato&hellip;<\/p>\n","category_list":"","author_info":{"name":"ftrinca","url":"https:\/\/www.protezionecivilecalabria.it\/?author=1"},"comments_num":"0 comments","ticketed":false,"_links":{"self":[{"href":"https:\/\/www.protezionecivilecalabria.it\/index.php?rest_route=\/wp\/v2\/pages\/265"}],"collection":[{"href":"https:\/\/www.protezionecivilecalabria.it\/index.php?rest_route=\/wp\/v2\/pages"}],"about":[{"href":"https:\/\/www.protezionecivilecalabria.it\/index.php?rest_route=\/wp\/v2\/types\/page"}],"author":[{"embeddable":true,"href":"https:\/\/www.protezionecivilecalabria.it\/index.php?rest_route=\/wp\/v2\/users\/1"}],"replies":[{"embeddable":true,"href":"https:\/\/www.protezionecivilecalabria.it\/index.php?rest_route=%2Fwp%2Fv2%2Fcomments&post=265"}],"version-history":[{"count":3,"href":"https:\/\/www.protezionecivilecalabria.it\/index.php?rest_route=\/wp\/v2\/pages\/265\/revisions"}],"predecessor-version":[{"id":464,"href":"https:\/\/www.protezionecivilecalabria.it\/index.php?rest_route=\/wp\/v2\/pages\/265\/revisions\/464"}],"wp:attachment":[{"href":"https:\/\/www.protezionecivilecalabria.it\/index.php?rest_route=%2Fwp%2Fv2%2Fmedia&parent=265"}],"wp:term":[{"taxonomy":"post_tag","embeddable":true,"href":"https:\/\/www.protezionecivilecalabria.it\/index.php?rest_route=%2Fwp%2Fv2%2Ftags&post=265"}],"curies":[{"name":"wp","href":"https:\/\/api.w.org\/{rel}","templated":true}]}}