{"id":299,"date":"2021-04-21T13:12:43","date_gmt":"2021-04-21T11:12:43","guid":{"rendered":"https:\/\/www.protezionecivilecalabria.it\/?page_id=299"},"modified":"2021-07-08T17:19:53","modified_gmt":"2021-07-08T15:19:53","slug":"rischio-industriale","status":"publish","type":"page","link":"https:\/\/www.protezionecivilecalabria.it\/?page_id=299","title":{"rendered":"Rischio Industriale"},"content":{"rendered":"<div>\n<p style=\"text-align: center;\"><strong>Il Rischio Industriale<\/strong><\/p>\n<p style=\"text-align: center;\"><img src=\"http:\/\/protezionecivilecalabria.it\/images\/indus1.png\" alt=\"\" \/><\/p>\n<p style=\"text-align: left;\">Tutte le attivit\u00e0 connesse con l\u2019impiego di tecnologie e di impianti industriali sono attivit\u00e0 intrinsecamente a rischio.<\/p>\n<p style=\"text-align: justify;\">Il rischio chimico-industriale \u00e8 connesso, ai sensi del D. Lgs. n. 334 del 17\/08\/1999, alla probabilit\u00e0 che &#8220;<em>un evento quale un&#8217;emissione, un incendio o una esplosione di grande entit\u00e0, dovuto a sviluppi incontrollati che si verificano durante l&#8217;attivit\u00e0 di uno stabilimento<\/em>&#8221; e &#8221; <em>che dia luogo ad un pericolo grave, immediato o differito, per la salute umana e per l&#8217;ambiente, all&#8217;interno o all&#8217;esterno dello stabilimento, e in cui intervengano una o pi\u00f9 sostanze pericolose<\/em>&#8220;.<\/p>\n<p style=\"text-align: justify;\">Gli effetti sulla salute umana in caso di esposizione a sostanze tossiche rilasciate nell\u2019atmosfera durante l\u2019incidente variano a seconda delle caratteristiche delle sostanze, della loro concentrazione, della durata d\u2019esposizione e dalla dose assorbita.<\/p>\n<p style=\"text-align: justify;\">Gli effetti sull\u2019ambiente sono legati alla contaminazione del suolo, dell\u2019acqua e dell\u2019atmosfera da parte delle sostanze tossiche. Gli effetti sulle cose riguardano principalmente i danni alle strutture.<\/p>\n<p style=\"text-align: justify;\">Tali effetti sono mitigati dall\u2019attuazione di adeguati piani di emergenza, sia interni (redatti dall\u2019industria per fronteggiare immediatamente l\u2019evento accidentale), sia esterni (redatti dall\u2019Autorit\u00e0 preposta al fine di fronteggiare i possibili effetti sul territorio circostante).<\/p>\n<\/div>\n","protected":false},"excerpt":{"rendered":"<p>Il Rischio Industriale Tutte le attivit\u00e0 connesse con l\u2019impiego di tecnologie e di impianti industriali sono attivit\u00e0 intrinsecamente a rischio.<\/p>\n","protected":false},"author":1,"featured_media":0,"parent":0,"menu_order":0,"comment_status":"closed","ping_status":"closed","template":"","meta":{"_EventAllDay":false,"_EventTimezone":"","_EventStartDate":"","_EventEndDate":"","_EventStartDateUTC":"","_EventEndDateUTC":"","_EventShowMap":false,"_EventShowMapLink":false,"_EventURL":"","_EventCost":"","_EventCostDescription":"","_EventCurrencySymbol":"","_EventCurrencyCode":"","_EventCurrencyPosition":"","_EventDateTimeSeparator":"","_EventTimeRangeSeparator":"","_EventOrganizerID":[],"_EventVenueID":0,"_OrganizerEmail":"","_OrganizerPhone":"","_OrganizerWebsite":"","_VenueAddress":"","_VenueCity":"","_VenueCountry":"","_VenueProvince":"","_VenueZip":"","_VenuePhone":"","_VenueURL":"","_VenueStateProvince":"","_VenueLat":"","_VenueLng":"","_price":"","_stock":"","_tribe_ticket_header":"","_tribe_default_ticket_provider":"","_tribe_ticket_capacity":"0","_ticket_start_date":"","_ticket_end_date":"","_tribe_ticket_show_description":"","_tribe_ticket_show_not_going":false,"_tribe_ticket_use_global_stock":"","_tribe_ticket_global_stock_level":"","_global_stock_mode":"","_global_stock_cap":"","_tribe_rsvp_for_event":"","_tribe_ticket_going_count":"","_tribe_ticket_not_going_count":"","_tribe_tickets_list":[],"_tribe_ticket_has_attendee_info_fields":false},"tags":[29,12,51],"featured_image_urls":{"full":"","thumbnail":"","medium":"","medium_large":"","large":"","1536x1536":"","2048x2048":"","post-thumbnails":"","news-image":"","gallery-preview":"","shareaholic-thumbnail":"","tptn_thumbnail":""},"post_excerpt_stackable":"<p>Il Rischio Industriale Tutte le attivit\u00e0 connesse con l\u2019impiego di tecnologie e di impianti industriali sono attivit\u00e0 intrinsecamente a rischio. Il rischio chimico-industriale \u00e8 connesso, ai sensi del D. Lgs. n. 334 del 17\/08\/1999, alla probabilit\u00e0 che &#8220;un evento quale un&#8217;emissione, un incendio o una esplosione di grande entit\u00e0, dovuto a sviluppi incontrollati che si verificano durante l&#8217;attivit\u00e0 di uno stabilimento&#8221; e &#8221; che dia luogo ad un pericolo grave, immediato o differito, per la salute umana e per l&#8217;ambiente, all&#8217;interno o all&#8217;esterno dello stabilimento, e in cui intervengano una o pi\u00f9 sostanze pericolose&#8220;. Gli effetti sulla salute umana in&hellip;<\/p>\n","category_list":"","author_info":{"name":"ftrinca","url":"https:\/\/www.protezionecivilecalabria.it\/?author=1"},"comments_num":"0 comments","ticketed":false,"_links":{"self":[{"href":"https:\/\/www.protezionecivilecalabria.it\/index.php?rest_route=\/wp\/v2\/pages\/299"}],"collection":[{"href":"https:\/\/www.protezionecivilecalabria.it\/index.php?rest_route=\/wp\/v2\/pages"}],"about":[{"href":"https:\/\/www.protezionecivilecalabria.it\/index.php?rest_route=\/wp\/v2\/types\/page"}],"author":[{"embeddable":true,"href":"https:\/\/www.protezionecivilecalabria.it\/index.php?rest_route=\/wp\/v2\/users\/1"}],"replies":[{"embeddable":true,"href":"https:\/\/www.protezionecivilecalabria.it\/index.php?rest_route=%2Fwp%2Fv2%2Fcomments&post=299"}],"version-history":[{"count":3,"href":"https:\/\/www.protezionecivilecalabria.it\/index.php?rest_route=\/wp\/v2\/pages\/299\/revisions"}],"predecessor-version":[{"id":453,"href":"https:\/\/www.protezionecivilecalabria.it\/index.php?rest_route=\/wp\/v2\/pages\/299\/revisions\/453"}],"wp:attachment":[{"href":"https:\/\/www.protezionecivilecalabria.it\/index.php?rest_route=%2Fwp%2Fv2%2Fmedia&parent=299"}],"wp:term":[{"taxonomy":"post_tag","embeddable":true,"href":"https:\/\/www.protezionecivilecalabria.it\/index.php?rest_route=%2Fwp%2Fv2%2Ftags&post=299"}],"curies":[{"name":"wp","href":"https:\/\/api.w.org\/{rel}","templated":true}]}}