{"id":303,"date":"2021-04-21T13:15:38","date_gmt":"2021-04-21T11:15:38","guid":{"rendered":"https:\/\/www.protezionecivilecalabria.it\/?page_id=303"},"modified":"2021-05-06T15:34:28","modified_gmt":"2021-05-06T13:34:28","slug":"rischio-incendi-boschivi-e-di-interfaccia","status":"publish","type":"page","link":"https:\/\/www.protezionecivilecalabria.it\/?page_id=303","title":{"rendered":"Rischio Incendi Boschivi e di Interfaccia"},"content":{"rendered":"<div>\n<p style=\"text-align: center;\"><strong>Il Rischio Incendi<\/strong><\/p>\n<p style=\"text-align: justify;\">Il rischio incendi boschivi e d\u2019interfaccia si pu\u00f2 definire come il valore atteso del danno dovuto al verificarsi di un incendio, in una particolare area e in un determinato periodo di tempo.<\/p>\n<p style=\"text-align: justify;\">Ai sensi della L. 353 \/2000, \u201c<em>per incendio boschivo si intende un fuoco che tende ad espandersi su aree boscate, cespugliate o arborate, comprese eventuali strutture e infrastrutture antropizzate che si trovano all\u2019interno delle stesse aree, oppure su terreni, coltivati o incolti, e pascoli limitrofi alle aree<\/em>\u201d.<\/p>\n<p style=\"text-align: justify;\">Nel caso in cui il fuoco va ad interessare l\u2019ambiente antropizzato si parla di incendio di interfaccia.<\/p>\n<p style=\"text-align: center;\"><img loading=\"lazy\" src=\"http:\/\/protezionecivilecalabria.it\/images\/inc1.png\" alt=\"\" width=\"258\" height=\"157\" \/><img loading=\"lazy\" src=\"http:\/\/protezionecivilecalabria.it\/images\/inc2.png\" alt=\"\" width=\"261\" height=\"155\" \/><\/p>\n<p style=\"text-align: center;\">\u00a0\u00a0\u00a0\u00a0\u00a0 Incendio boschivo (fonte internet)\u00a0\u00a0\u00a0\u00a0\u00a0\u00a0\u00a0\u00a0\u00a0\u00a0\u00a0\u00a0\u00a0\u00a0\u00a0\u00a0\u00a0 Incendio di interfaccia (fonte internet)<\/p>\n<p style=\"text-align: justify;\">Per interfaccia si intende il luogo dove l\u2019area naturale e quella urbana si incontrano e interferiscono reciprocamente (<em>definizione della National Wildland\/Urban Fire Protection Conference (NW\/UFCP) del 1987<\/em>).<\/p>\n<p style=\"text-align: justify;\">Generalmente tale termine indica zone di contatto tra vegetazione naturale ed infrastrutture combustibili.<\/p>\n<p style=\"text-align: justify;\">Il problema degli incendi nell\u2019interfaccia tra bosco ed insediamenti abitativi presenta un duplice aspetto.<\/p>\n<ul style=\"text-align: justify;\">\n<li>L\u2019 incendio \u00e8 causato dalle attivit\u00e0 svolte negli insediamenti abitativi o in loro prossimit\u00e0. In questo caso l\u2019incendio si propaga dalle case al bosco circostante.<\/li>\n<li>L\u2019incendio parte dal bosco e si propaga fino ad interessare successivamente gli insediamenti civili.<\/li>\n<\/ul>\n<p style=\"text-align: justify;\">L\u2019 area di interfaccia si classifica sulla base di diverse tipologie insediative:<\/p>\n<ul style=\"text-align: justify;\">\n<li><strong>Interfaccia classica<\/strong>: insediamenti di piccole e medie dimensioni (periferie di centri urbani, frazioni periferiche, piccoli villaggi, nuovi quartieri periferici, complessi turistici di una certa vastit\u00e0, ecc.), formati da numerose strutture ed abitazioni relativamente vicine fra loro, a diretto contatto con il territorio circostante ricoperto da vegetazione, arborea e non arborea.<\/li>\n<\/ul>\n<p style=\"text-align: justify;\"><img class=\"aligncenter\" src=\"http:\/\/protezionecivilecalabria.it\/images\/inc3.png\" alt=\"\" \/><\/p>\n<ul style=\"text-align: justify;\">\n<li><strong>Interfaccia occlusa<\/strong>: presenza di zone pi\u00f9 o meno vaste di vegetazione (parchi urbani, giardini di una certa vastit\u00e0, \u201clingue\u201d di terreni non ancora edificati o non edificabili che si insinuano nei centri abitati, ecc.), circondate da aree urbanizzate.<img class=\"aligncenter\" src=\"http:\/\/protezionecivilecalabria.it\/images\/inc4.png\" alt=\"\" \/><\/li>\n<li style=\"text-align: justify;\"><strong>Interfaccia mista: <\/strong>presenza di strutture o abitazioni isolate distribuite sul territorio a diretto contatto con vaste zone popolate da vegetazione arbustiva ed arborea. In genere si hanno poche strutture a rischio, anche con incendi di vegetazione di vaste dimensioni. E\u2019 una situazione tipica delle zone rurali, dove molte strutture sono cascine, sedi di attivit\u00e0 artigianali, insediamenti turistici ecc.\n<p style=\"text-align: justify;\">I mesi a pi\u00f9 elevato rischio sono quelli estivi, quando la siccit\u00e0, l\u2019alta temperatura ed il forte vento fanno evaporare parte dell\u2019acqua trattenuta dalle piante, determinando condizioni naturali favorevoli all&#8217;innesco e allo sviluppo di incendi.<\/p>\n<p style=\"text-align: justify;\">Le conseguenze per l\u2019equilibrio naturale sono gravissime e i tempi per il riassetto dell\u2019ecosistema forestale e ambientale molto lunghi. Le alterazioni delle condizioni naturali del suolo causate dagli incendi favoriscono inoltre i fenomeni di dissesto dei versanti provocando, in caso di piogge intense, lo scivolamento e l&#8217;asportazione dello strato di terreno superficiale.<\/p>\n<\/li>\n<\/ul>\n<\/div>\n<div class=\"s2s_supra_contenedor lang_directon_right s2sdefault align_right s2s_balloon_bottom\" style=\"text-align: justify;\"><\/div>\n<div class=\"span12\">\n<div class=\"item-page\">\n<div class=\"s2s_supra_contenedor lang_directon_right s2sdefault align_right s2s_balloon_bottom\" style=\"text-align: justify;\"><\/div>\n<\/div>\n<\/div>\n","protected":false},"excerpt":{"rendered":"<p>Il Rischio Incendi Il rischio incendi boschivi e d\u2019interfaccia si pu\u00f2 definire come il valore atteso del danno dovuto al verificarsi di un incendio, in una particolare area e in un determinato periodo di tempo.<\/p>\n","protected":false},"author":1,"featured_media":0,"parent":0,"menu_order":0,"comment_status":"closed","ping_status":"closed","template":"","meta":{"_EventAllDay":false,"_EventTimezone":"","_EventStartDate":"","_EventEndDate":"","_EventStartDateUTC":"","_EventEndDateUTC":"","_EventShowMap":false,"_EventShowMapLink":false,"_EventURL":"","_EventCost":"","_EventCostDescription":"","_EventCurrencySymbol":"","_EventCurrencyCode":"","_EventCurrencyPosition":"","_EventDateTimeSeparator":"","_EventTimeRangeSeparator":"","_EventOrganizerID":[],"_EventVenueID":0,"_OrganizerEmail":"","_OrganizerPhone":"","_OrganizerWebsite":"","_VenueAddress":"","_VenueCity":"","_VenueCountry":"","_VenueProvince":"","_VenueZip":"","_VenuePhone":"","_VenueURL":"","_VenueStateProvince":"","_VenueLat":"","_VenueLng":"","_price":"","_stock":"","_tribe_ticket_header":"","_tribe_default_ticket_provider":"","_tribe_ticket_capacity":"0","_ticket_start_date":"","_ticket_end_date":"","_tribe_ticket_show_description":"","_tribe_ticket_show_not_going":false,"_tribe_ticket_use_global_stock":"","_tribe_ticket_global_stock_level":"","_global_stock_mode":"","_global_stock_cap":"","_tribe_rsvp_for_event":"","_tribe_ticket_going_count":"","_tribe_ticket_not_going_count":"","_tribe_tickets_list":[],"_tribe_ticket_has_attendee_info_fields":false},"tags":[29,12,53],"featured_image_urls":{"full":"","thumbnail":"","medium":"","medium_large":"","large":"","1536x1536":"","2048x2048":"","post-thumbnails":"","news-image":"","gallery-preview":"","shareaholic-thumbnail":"","tptn_thumbnail":""},"post_excerpt_stackable":"<p>Il Rischio Incendi Il rischio incendi boschivi e d\u2019interfaccia si pu\u00f2 definire come il valore atteso del danno dovuto al verificarsi di un incendio, in una particolare area e in un determinato periodo di tempo. Ai sensi della L. 353 \/2000, \u201cper incendio boschivo si intende un fuoco che tende ad espandersi su aree boscate, cespugliate o arborate, comprese eventuali strutture e infrastrutture antropizzate che si trovano all\u2019interno delle stesse aree, oppure su terreni, coltivati o incolti, e pascoli limitrofi alle aree\u201d. Nel caso in cui il fuoco va ad interessare l\u2019ambiente antropizzato si parla di incendio di interfaccia. \u00a0\u00a0\u00a0\u00a0\u00a0&hellip;<\/p>\n","category_list":"","author_info":{"name":"ftrinca","url":"https:\/\/www.protezionecivilecalabria.it\/?author=1"},"comments_num":"0 comments","ticketed":false,"_links":{"self":[{"href":"https:\/\/www.protezionecivilecalabria.it\/index.php?rest_route=\/wp\/v2\/pages\/303"}],"collection":[{"href":"https:\/\/www.protezionecivilecalabria.it\/index.php?rest_route=\/wp\/v2\/pages"}],"about":[{"href":"https:\/\/www.protezionecivilecalabria.it\/index.php?rest_route=\/wp\/v2\/types\/page"}],"author":[{"embeddable":true,"href":"https:\/\/www.protezionecivilecalabria.it\/index.php?rest_route=\/wp\/v2\/users\/1"}],"replies":[{"embeddable":true,"href":"https:\/\/www.protezionecivilecalabria.it\/index.php?rest_route=%2Fwp%2Fv2%2Fcomments&post=303"}],"version-history":[{"count":5,"href":"https:\/\/www.protezionecivilecalabria.it\/index.php?rest_route=\/wp\/v2\/pages\/303\/revisions"}],"predecessor-version":[{"id":371,"href":"https:\/\/www.protezionecivilecalabria.it\/index.php?rest_route=\/wp\/v2\/pages\/303\/revisions\/371"}],"wp:attachment":[{"href":"https:\/\/www.protezionecivilecalabria.it\/index.php?rest_route=%2Fwp%2Fv2%2Fmedia&parent=303"}],"wp:term":[{"taxonomy":"post_tag","embeddable":true,"href":"https:\/\/www.protezionecivilecalabria.it\/index.php?rest_route=%2Fwp%2Fv2%2Ftags&post=303"}],"curies":[{"name":"wp","href":"https:\/\/api.w.org\/{rel}","templated":true}]}}