{"id":3163,"date":"2022-02-09T16:14:45","date_gmt":"2022-02-09T15:14:45","guid":{"rendered":"https:\/\/www.protezionecivilecalabria.it\/?page_id=3163"},"modified":"2022-02-18T15:38:22","modified_gmt":"2022-02-18T14:38:22","slug":"aree-tematiche-3","status":"publish","type":"page","link":"https:\/\/www.protezionecivilecalabria.it\/?page_id=3163","title":{"rendered":"Aree Tematiche"},"content":{"rendered":"\n<div class=\"wp-block-columns are-vertically-aligned-center\" data-block-type=\"core\">\n<div class=\"wp-block-column is-vertically-aligned-center\" data-block-type=\"core\">\n<figure class=\"wp-block-image size-large is-style-default\" data-block-type=\"core\"><img src=\"https:\/\/www.protezionecivilecalabria.it\/wp-content\/uploads\/9d6870890a00-13fb-ce11-e052-c92ee8b0\" alt=\"Sala operativa Protezione Civile\" class=\"wp-image-714\"\/><\/figure>\n<\/div>\n\n\n\n<div class=\"wp-block-column is-vertically-aligned-center\" data-block-type=\"core\">\n<p class=\"has-text-align-left\" data-block-type=\"core\"><p class=\"has-text-align-left\" style=\"text-align: justify;\"><span class=\"ILfuVd\"><span class=\"hgKElc\">Ai fini di <b>protezione civile<\/b>, il <b>rischio<\/b> \u00e8 rappresentato dalla possibilit\u00e0 che un fenomeno naturale o indotto dalle attivit\u00e0 dell&#8217;uomo possa causare effetti dannosi sulla popolazione, gli insediamenti abitativi e produttivi e le infrastrutture, all&#8217;interno di una particolare area, in un determinato periodo di tempo.<\/span><\/span><\/p><\/p>\n<\/div>\n<\/div>\n\n\n\n<hr class=\"wp-block-separator is-style-wide\"\/ data-block-type=\"core\">\n\n\n\n<div class=\"wp-block-columns\" data-block-type=\"core\">\n<div class=\"wp-block-column\" data-block-type=\"core\">\n<div class=\"wp-block-stackable-posts aligncenter is-style-horizontal stk-block-posts stk-block stk-76ca403\" data-block-id=\"76ca403\"><style>.stk-76ca403-container .stk-img-wrapper{width:250px !important;height:100% !important}<\/style><div class=\"stk-inner-blocks stk-content-align stk-76ca403-column\"><div class=\"stk-block-posts__items\"><div class=\"stk-block-posts__item\"><div class=\"stk-container stk-76ca403-container stk--no-background stk--no-padding\"><article class=\"stk-container-padding\"><h3 class=\"stk-block-posts__title\"><a href='https:\/\/www.protezionecivilecalabria.it\/?page_id=662'>Rischi<\/a><\/h3><a class=\"stk-block-posts__readmore\" href=\"https:\/\/www.protezionecivilecalabria.it\/?page_id=662\">Vai alla Pagina<\/a><\/article><\/div><\/div><div class=\"stk-block-posts__item\"><div class=\"stk-container stk-76ca403-container stk--no-background stk--no-padding\"><article class=\"stk-container-padding\"><h3 class=\"stk-block-posts__title\"><a href='https:\/\/www.protezionecivilecalabria.it\/?page_id=425'>Ultimi terremoti<\/a><\/h3><a class=\"stk-block-posts__readmore\" href=\"https:\/\/www.protezionecivilecalabria.it\/?page_id=425\">Vai alla Pagina<\/a><\/article><\/div><\/div><\/div><div class=\"stk-inner-blocks\"><\/div><\/div><\/div>\n<\/div>\n<\/div>\n\n\n\n<hr class=\"wp-block-separator is-style-wide\"\/ data-block-type=\"core\">\n\n\n\n<p data-block-type=\"core\">&nbsp;<\/p>\n","protected":false},"excerpt":{"rendered":"<p>AREE TEMATICHE<\/p>\n","protected":false},"author":2,"featured_media":3386,"parent":0,"menu_order":0,"comment_status":"closed","ping_status":"closed","template":"page-nosidebar.php","meta":{"_EventAllDay":false,"_EventTimezone":"","_EventStartDate":"","_EventEndDate":"","_EventStartDateUTC":"","_EventEndDateUTC":"","_EventShowMap":false,"_EventShowMapLink":false,"_EventURL":"","_EventCost":"","_EventCostDescription":"","_EventCurrencySymbol":"","_EventCurrencyCode":"","_EventCurrencyPosition":"","_EventDateTimeSeparator":"","_EventTimeRangeSeparator":"","_EventOrganizerID":[],"_EventVenueID":0,"_OrganizerEmail":"","_OrganizerPhone":"","_OrganizerWebsite":"","_VenueAddress":"","_VenueCity":"","_VenueCountry":"","_VenueProvince":"","_VenueZip":"","_VenuePhone":"","_VenueURL":"","_VenueStateProvince":"","_VenueLat":"","_VenueLng":"","_price":"","_stock":"","_tribe_ticket_header":"","_tribe_default_ticket_provider":"","_tribe_ticket_capacity":"0","_ticket_start_date":"","_ticket_end_date":"","_tribe_ticket_show_description":"","_tribe_ticket_show_not_going":false,"_tribe_ticket_use_global_stock":"","_tribe_ticket_global_stock_level":"","_global_stock_mode":"","_global_stock_cap":"","_tribe_rsvp_for_event":"","_tribe_ticket_going_count":"","_tribe_ticket_not_going_count":"","_tribe_tickets_list":[],"_tribe_ticket_has_attendee_info_fields":false},"tags":[85,84],"featured_image_urls":{"full":["https:\/\/www.protezionecivilecalabria.it\/\/wp-content\/uploads\/9d6870890a00-13fb-ce11-b4b8-0609522d",960,960,false],"thumbnail":["https:\/\/www.protezionecivilecalabria.it\/\/wp-content\/uploads\/9d6870890a00-13fb-ce11-b4b8-80f0e15d",150,150,true],"medium":["https:\/\/www.protezionecivilecalabria.it\/\/wp-content\/uploads\/9d6870890a00-13fb-ce11-b4b8-22bcf93d",300,300,true],"medium_large":["https:\/\/www.protezionecivilecalabria.it\/\/wp-content\/uploads\/9d6870890a00-13fb-ce11-b4b8-8b84da6d",768,768,true],"large":["https:\/\/www.protezionecivilecalabria.it\/\/wp-content\/uploads\/9d6870890a00-13fb-ce11-b4b8-0609522d",960,960,false],"1536x1536":["https:\/\/www.protezionecivilecalabria.it\/\/wp-content\/uploads\/9d6870890a00-13fb-ce11-b4b8-0609522d",960,960,false],"2048x2048":["https:\/\/www.protezionecivilecalabria.it\/\/wp-content\/uploads\/9d6870890a00-13fb-ce11-b4b8-0609522d",960,960,false],"post-thumbnails":["https:\/\/www.protezionecivilecalabria.it\/\/wp-content\/uploads\/9d6870890a00-13fb-ce11-b4b8-be4c6c9d",512,512,true],"news-image":["https:\/\/www.protezionecivilecalabria.it\/\/wp-content\/uploads\/9d6870890a00-13fb-ce11-b4b8-ef6174bd",400,220,true],"gallery-preview":["https:\/\/www.protezionecivilecalabria.it\/\/wp-content\/uploads\/9d6870890a00-13fb-ce11-b4b8-c7e0accd",80,80,true],"shareaholic-thumbnail":["https:\/\/www.protezionecivilecalabria.it\/\/wp-content\/uploads\/9d6870890a00-13fb-ce11-b4b8-f84025ed",640,640,true],"tptn_thumbnail":["https:\/\/www.protezionecivilecalabria.it\/\/wp-content\/uploads\/9d6870890a00-13fb-ce11-b4b8-4824ecfd",75,60,true]},"post_excerpt_stackable":"<p>AREE TEMATICHE<\/p>\n","category_list":"","author_info":{"name":"ProtCivCalabria","url":"https:\/\/www.protezionecivilecalabria.it\/?author=2"},"comments_num":"0 comments","ticketed":false,"_links":{"self":[{"href":"https:\/\/www.protezionecivilecalabria.it\/index.php?rest_route=\/wp\/v2\/pages\/3163"}],"collection":[{"href":"https:\/\/www.protezionecivilecalabria.it\/index.php?rest_route=\/wp\/v2\/pages"}],"about":[{"href":"https:\/\/www.protezionecivilecalabria.it\/index.php?rest_route=\/wp\/v2\/types\/page"}],"author":[{"embeddable":true,"href":"https:\/\/www.protezionecivilecalabria.it\/index.php?rest_route=\/wp\/v2\/users\/2"}],"replies":[{"embeddable":true,"href":"https:\/\/www.protezionecivilecalabria.it\/index.php?rest_route=%2Fwp%2Fv2%2Fcomments&post=3163"}],"version-history":[{"count":5,"href":"https:\/\/www.protezionecivilecalabria.it\/index.php?rest_route=\/wp\/v2\/pages\/3163\/revisions"}],"predecessor-version":[{"id":3997,"href":"https:\/\/www.protezionecivilecalabria.it\/index.php?rest_route=\/wp\/v2\/pages\/3163\/revisions\/3997"}],"wp:featuredmedia":[{"embeddable":true,"href":"https:\/\/www.protezionecivilecalabria.it\/index.php?rest_route=\/wp\/v2\/media\/3386"}],"wp:attachment":[{"href":"https:\/\/www.protezionecivilecalabria.it\/index.php?rest_route=%2Fwp%2Fv2%2Fmedia&parent=3163"}],"wp:term":[{"taxonomy":"post_tag","embeddable":true,"href":"https:\/\/www.protezionecivilecalabria.it\/index.php?rest_route=%2Fwp%2Fv2%2Ftags&post=3163"}],"curies":[{"name":"wp","href":"https:\/\/api.w.org\/{rel}","templated":true}]}}