{"id":3901,"date":"2022-02-18T12:37:58","date_gmt":"2022-02-18T11:37:58","guid":{"rendered":"https:\/\/www.protezionecivilecalabria.it\/?page_id=3901"},"modified":"2022-03-14T13:00:46","modified_gmt":"2022-03-14T12:00:46","slug":"rischio-vulcanico","status":"publish","type":"page","link":"https:\/\/www.protezionecivilecalabria.it\/?page_id=3901","title":{"rendered":"Rischio Vulcanico"},"content":{"rendered":"\n<div class=\"wp-block-stackable-feature aligncenter is-style-default stk-block-feature stk-has-top-separator stk-has-bottom-separator stk-block stk-b3de720 stk-block-background\" data-block-id=\"b3de720\" data-block-type=\"core\"><style>.stk-b3de720{background-color:#ffd745 !important}.stk-b3de720:before{background-color:#ffd745 !important}.stk-b3de720-container{box-shadow:none !important}.stk-b3de720-container{display:flex !important}.stk-b3de720-container{align-items:flex-end !important}.stk-b3de720 > .stk-separator__top svg{filter:drop-shadow(25px 10px 30px rgba(18,63,82,0.3)) !important}.stk-b3de720 > .stk-separator__top .stk-separator__wrapper{transform:scaleX(1) !important;height:101px !important}.stk-b3de720 > .stk-separator__bottom .stk-separator__wrapper{transform:scaleX(1) !important;height:101px !important}<\/style><div class=\"stk-separator stk-separator__top\"><div class=\"stk-separator__wrapper\"><svg xmlns=\"http:\/\/www.w3.org\/2000\/svg\" viewbox=\"0 0 1600 200\" class=\"stk-separator__layer-1\" preserveaspectratio=\"none\" aria-hidden=\"true\"><path class=\"wave-2_svg__st2\" d=\"M1432.2 67.4c-88.8-16.7-156-5.3-204 8.5s-147.1 62.2-223.1 73.9c-75.4 11.6-164-7.5-275-27.9S571 88.1 456 98.1c-119.7 10.4-224.7 52-294.4 73-94.5 28.5-171.6-3-171.6-3V210h1620V91.6c-53 10-86.8-7.1-177.8-24.2z\"><\/path><\/svg><\/div><\/div><div class=\"stk-content-align stk-b3de720-column stk-container stk-b3de720-container stk--no-background stk--no-padding\"><div class=\"stk-inner-blocks stk-block-content stk-row\">\n<div class=\"wp-block-stackable-column stk-block-column stk-column stk-block stk-a7e7beb\" data-block-id=\"a7e7beb\"><style>.stk-a7e7beb{align-self:center !important}@media screen and (min-width:768px){.stk-a7e7beb{flex:1 1 calc(43.2% - var(--stk-column-gap,0px) * 1 \/ 2 ) !important}}<\/style><div class=\"stk-column-wrapper stk-block-column__content stk-container stk-a7e7beb-container stk--no-background stk--no-padding\"><div class=\"stk-block-content stk-inner-blocks\">\n<div class=\"wp-block-stackable-heading stk-block-heading stk-block stk-ef09fe4\" data-block-id=\"ef09fe4\"><style>.stk-ef09fe4 .stk-block-heading__text{font-weight:900 !important;text-transform:uppercase !important;font-family:\"Poppins\",Sans-serif !important}<\/style><h2 class=\"stk-block-heading__text has-text-align-left\">RISCHIO Vulcanico<\/h2><\/div>\n\n\n\n<div class=\"wp-block-stackable-text stk-block-text stk-block stk-e473381\" data-block-id=\"e473381\"><p class=\"stk-block-text__text\"><\/p><\/div>\n\n\n\n<div class=\"wp-block-stackable-text stk-block-text stk-block stk-59e0dd9\" data-block-id=\"59e0dd9\"><p class=\"stk-block-text__text\"><strong>Attivit\u00e0 Vulcanica Regione Calabria<\/strong><\/p><\/div>\n\n\n\n<div class=\"wp-block-stackable-button-group stk-block-button-group stk-block stk-6854b44\" data-block-id=\"6854b44\"><div class=\"stk-row stk-inner-blocks stk-block-content stk-button-group\">\n<div class=\"wp-block-stackable-button stk-block-button stk--hide-desktop stk--hide-tablet stk--hide-mobile stk-block stk-aa275d1 stk-entrance\" data-block-id=\"aa275d1\"><style>.stk-aa275d1{transition-duration:1.85s !important;transition-timing-function:ease-in-out !important}.stk-aa275d1 .stk-button{padding-right:24px !important;padding-left:24px !important;background:#313131 !important}.stk-aa275d1{--entrance-delay:0.95s !important}<\/style><a class=\"stk-link stk-button stk--hover-effect-lift-scale\" href=\"https:\/\/www.protezionecivilecalabria.it\/wp-content\/uploads\/9d6870890a00-13fb-ce11-0ae7-2f4ee307\" title=\"SERVIZIO AIB, SISTEMA ANTINCENDIO E PROTEZIONE CIVILE \" target=\"_blank\" rel=\"noreferrer noopener\"><span class=\"stk--svg-wrapper\"><div class=\"stk--inner-svg\"><svg aria-hidden=\"true\" focusable=\"false\" data-prefix=\"fas\" data-icon=\"file-pdf\" class=\"svg-inline--fa fa-file-pdf fa-w-12\" xmlns=\"http:\/\/www.w3.org\/2000\/svg\" viewBox=\"0 0 384 512\" width=\"32\" height=\"32\"><path fill=\"currentColor\" d=\"M181.9 256.1c-5-16-4.9-46.9-2-46.9 8.4 0 7.6 36.9 2 46.9zm-1.7 47.2c-7.7 20.2-17.3 43.3-28.4 62.7 18.3-7 39-17.2 62.9-21.9-12.7-9.6-24.9-23.4-34.5-40.8zM86.1 428.1c0 .8 13.2-5.4 34.9-40.2-6.7 6.3-29.1 24.5-34.9 40.2zM248 160h136v328c0 13.3-10.7 24-24 24H24c-13.3 0-24-10.7-24-24V24C0 10.7 10.7 0 24 0h200v136c0 13.2 10.8 24 24 24zm-8 171.8c-20-12.2-33.3-29-42.7-53.8 4.5-18.5 11.6-46.6 6.2-64.2-4.7-29.4-42.4-26.5-47.8-6.8-5 18.3-.4 44.1 8.1 77-11.6 27.6-28.7 64.6-40.8 85.8-.1 0-.1.1-.2.1-27.1 13.9-73.6 44.5-54.5 68 5.6 6.9 16 10 21.5 10 17.9 0 35.7-18 61.1-61.8 25.8-8.5 54.1-19.1 79-23.2 21.7 11.8 47.1 19.5 64 19.5 29.2 0 31.2-32 19.7-43.4-13.9-13.6-54.3-9.7-73.6-7.2zM377 105L279 7c-4.5-4.5-10.6-7-17-7h-6v128h128v-6.1c0-6.3-2.5-12.4-7-16.9zm-74.1 255.3c4.1-2.7-2.5-11.9-42.8-9 37.1 15.8 42.8 9 42.8 9z\"><\/path><\/svg><\/div><\/span><span class=\"stk-button__inner-text\">ALLEGATO PDF <\/span><\/a><\/div>\n<\/div><\/div>\n\n\n\n<p data-block-type=\"core\"><\/p>\n<\/div><\/div><\/div>\n\n\n\n<div class=\"wp-block-stackable-column stk-block-column stk-column stk-block stk-15ee19c\" data-block-id=\"15ee19c\"><style>.stk-15ee19c{align-self:center !important}@media screen and (min-width:768px){.stk-15ee19c{flex:1 1 calc(56.8% - var(--stk-column-gap,0px) * 1 \/ 2 ) !important}}<\/style><div class=\"stk-column-wrapper stk-block-column__content stk-container stk-15ee19c-container stk--no-background stk--no-padding\"><div class=\"stk-block-content stk-inner-blocks\">\n<div class=\"wp-block-stackable-image alignleft stk-block-image stk-block stk-f120e43\" data-block-id=\"f120e43\"><style>.stk-f120e43 .stk-img-wrapper img{object-fit:contain !important}.stk-f120e43 .stk-img-wrapper{width:346px !important;height:460px !important}.stk-f120e43 .stk-img-wrapper img{mask-image:url('data:image\/svg+xml;base64,PHN2ZyB4bWxucz0iaHR0cDovL3d3dy53My5vcmcvMjAwMC9zdmciIHZpZXdCb3g9IjAgMCA2MDAgNjAwIj48cGF0aCBkPSJNNTA3LjggNjcuMUM1NzYgMTI0IDYxOS4xIDIyMy44IDU5MS42IDI5NC4yUzQ2NS45IDQwNS41IDM5Ny43IDQ2My41IDI5MS4xIDU5Ni42IDI0OS42IDU5OS45Yy00MS41IDMuMy04Ni4yLTY1LjEtMTMwLjUtMTIzLjEtNDQuMi01OC04OC4yLTEwNS43LTEwNy45LTE3NC4zQy04LjUgMjMzLjctNC4xIDE0My45IDQwLjIgODcgODQuNCAzMC4xIDE2OC41IDYgMjU3LjMuOWM4OC43LTUgMTgyLjIgOS4zIDI1MC41IDY2LjJ6Ij48L3BhdGg+PC9zdmc+') !important;-webkit-mask-image:url('data:image\/svg+xml;base64,PHN2ZyB4bWxucz0iaHR0cDovL3d3dy53My5vcmcvMjAwMC9zdmciIHZpZXdCb3g9IjAgMCA2MDAgNjAwIj48cGF0aCBkPSJNNTA3LjggNjcuMUM1NzYgMTI0IDYxOS4xIDIyMy44IDU5MS42IDI5NC4yUzQ2NS45IDQwNS41IDM5Ny43IDQ2My41IDI5MS4xIDU5Ni42IDI0OS42IDU5OS45Yy00MS41IDMuMy04Ni4yLTY1LjEtMTMwLjUtMTIzLjEtNDQuMi01OC04OC4yLTEwNS43LTEwNy45LTE3NC4zQy04LjUgMjMzLjctNC4xIDE0My45IDQwLjIgODcgODQuNCAzMC4xIDE2OC41IDYgMjU3LjMuOWM4OC43LTUgMTgyLjIgOS4zIDI1MC41IDY2LjJ6Ij48L3BhdGg+PC9zdmc+') !important}<\/style><figure class=\"stk-img-wrapper stk-img--shape\"><img loading=\"lazy\" class=\"stk-img wp-image-2963\" src=\"https:\/\/www.protezionecivilecalabria.it\/wp-content\/uploads\/9d6870890a00-13fb-ce11-8798-5ce28964\" width=\"640\" height=\"360\" srcset=\"https:\/\/www.protezionecivilecalabria.it\/\/wp-content\/uploads\/9d6870890a00-13fb-ce11-8798-5ce28964 640w, https:\/\/www.protezionecivilecalabria.it\/\/wp-content\/uploads\/9d6870890a00-13fb-ce11-8798-4a9e4cb3 300w, https:\/\/www.protezionecivilecalabria.it\/\/wp-content\/uploads\/9d6870890a00-13fb-ce11-8798-d19b8fc3 1024w, https:\/\/www.protezionecivilecalabria.it\/\/wp-content\/uploads\/9d6870890a00-13fb-ce11-8798-ae0f06f3 768w, https:\/\/www.protezionecivilecalabria.it\/\/wp-content\/uploads\/9d6870890a00-13fb-ce11-8798-95930d14 1536w, https:\/\/www.protezionecivilecalabria.it\/\/wp-content\/uploads\/9d6870890a00-13fb-ce11-8798-c87629a3 1920w\" sizes=\"(max-width: 640px) 100vw, 640px\" \/><\/figure><\/div>\n<\/div><\/div><\/div>\n<\/div><\/div><div class=\"stk-separator stk-separator__bottom\"><div class=\"stk-separator__wrapper\"><svg xmlns=\"http:\/\/www.w3.org\/2000\/svg\" viewbox=\"0 0 1600 200\" class=\"stk-separator__layer-1\" preserveaspectratio=\"none\" aria-hidden=\"true\"><path d=\"M1610 209.7v-51.2s-81.4-33.3-241.4-23.1c-157.4 10-247.9 49.6-340.9 49.4-93.1-.1-121-14.6-174.2-33.6-75.7-27.1-166.9-27.2-185.5-25.1-18.7 2.1-67.8 5.5-106-19.3-38.2-24.7-94.8-55.4-209.2-43.1C238.1 76.3 80 111.8-10 55.7v154h1620z\"><\/path><\/svg><svg xmlns=\"http:\/\/www.w3.org\/2000\/svg\" viewbox=\"0 0 1600 200\" preserveaspectratio=\"none\" class=\"stk-separator__layer-2\" aria-hidden=\"true\"><path d=\"M1610 207V96.4s-176.1-14.9-340.9 21.2c-166 36.4-255.1 45-330.4 30.6-75.3-14.3-195.4-62.3-515.8-11.3-189 30-349.8 50.8-450.9 70.1h1638z\"><\/path><\/svg><\/div><\/div><\/div>\n\r\n<p style=\"text-align: center;\"><img loading=\"lazy\" class=\"aligncenter size-full wp-image-1020\" src=\"https:\/\/www.protezionecivilecalabria.it\/wp-content\/uploads\/9d6870890a00-13fb-ce11-6d85-5212c098\" alt=\"\" width=\"172\" height=\"90\" \/><\/p>\r\n<p>Il vulcanismo in Italia deve la sua origine ad un ampio processo geologico che ha interessato tutta l\u2019area mediterranea, legato alla convergenza tra la placca tettonica eurasiatica e quella africana.<\/p>\r\n<p>Il processo, iniziato 10 milioni di anni fa, contemporaneamente alla costruzione dei rilievi montuosi della catena appenninica, \u00e8 dovuto allo scorrimento della placca africana sotto quella euroasiatica e alla conseguente formazione di aree caratterizzate da vulcanismo. \u00c8 infatti in queste aree che, all\u2019interno della terra, si realizzano le condizioni per la formazione dei magmi e per il loro trasporto verso la superficie.<\/p>\r\n<p>Sebbene meno frequenti e devastanti dei terremoti, le eruzioni vulcaniche rappresentano un forte rischio per le zone densamente popolate del territorio italiano.<\/p>\r\n<p>Per il testo si fa riferimento al sito nazionale di Protezione Civile.<\/p>\r\n<details class=\"wp-block-stackable-accordion stk-block-accordion stk-inner-blocks stk-block-content stk--single-open stk-block stk-ee8c26b\" data-block-id=\"ee8c26b\">\r\n<div class=\"stk-column-wrapper stk-block-column__content stk-container stk-4306193-container stk-hover-parent\">\r\n<div class=\"stk-block-content stk-inner-blocks\">\r\n<div class=\"wp-block-stackable-icon-label stk-block-icon-label stk-block stk-83eb552\" data-block-id=\"83eb552\">\r\n<div class=\"stk-row stk-inner-blocks stk-block-content\">\r\n<div class=\"wp-block-stackable-heading stk-block-heading stk-block stk-a5bb1f4\" data-block-id=\"a5bb1f4\">\r\n<h4 class=\"stk-block-heading__text\">Descrizione del Rischio<\/h4>\r\n<\/div>\r\n\r\n\r\n\r\n<div class=\"wp-block-stackable-icon stk-block-icon stk-block stk-1fc9a7f\" data-block-id=\"1fc9a7f\"><style>.stk-1fc9a7f .stk--svg-wrapper .stk--inner-svg svg:last-child{height:30px !important;width:30px !important}.stk-1fc9a7f .stk--svg-wrapper .stk--inner-svg svg:last-child,.stk-1fc9a7f .stk--svg-wrapper .stk--inner-svg svg:last-child :is(g,path,rect,polygon,ellipse){fill:var(--stk-global-color-93605,#ff0000) !important}<\/style>\r\n<div class=\"stk--inner-svg\">\u00a0<\/div>\r\n<div class=\"stk--inner-svg stk--icon-2\" style=\"display: none;\">\u00a0<\/div>\r\n<\/div>\r\n<\/div>\r\n<\/div>\r\n<\/div>\r\n<\/div>\r\n\r\n\r\n\r\n<div class=\"wp-block-stackable-column stk-block-accordion__content stk-block-column stk-column stk-block stk-20cab93\" data-block-id=\"20cab93\">\r\n<div class=\"stk-column-wrapper stk-block-column__content stk-container stk-20cab93-container stk--no-background stk--no-padding\">\r\n<div class=\"stk-block-content stk-inner-blocks\">\r\n<p data-block-type=\"core\">Sebbene meno frequenti e devastanti dei terremoti, le eruzioni vulcaniche rappresentano un forte rischio per le zone densamente popolate del territorio italiano.<\/p>\r\n\r\n\r\n\r\n<p data-block-type=\"core\">Il rischio vulcanico si pu\u00f2 definire come il prodotto della probabilit\u00e0 di occorrenza di un evento eruttivo per il danno che ne potrebbe conseguire.<\/p>\r\n\r\n\r\n\r\n<p data-block-type=\"core\">Il rischio \u00e8 traducibile nell&#8217;equazione\u00a0<strong>R = P x V x E<\/strong>, dove:<\/p>\r\n\r\n\r\n\r\n<p data-block-type=\"core\"><strong><em>P = Pericolosit\u00e0 (Hazard)<\/em><\/strong>: \u00e8 la probabilit\u00e0 che un fenomeno di determinata intensit\u00e0 si verifichi in un certo intervallo di tempo e in una data area;<\/p>\r\n\r\n\r\n\r\n<p data-block-type=\"core\"><strong><em>V = Vulnerabilit\u00e0<\/em><\/strong>: la vulnerabilit\u00e0 di un elemento &#8211; persone, edifici, infrastrutture, attivit\u00e0 economiche &#8211; \u00e8 la propensione a subire danneggiamenti in conseguenza delle sollecitazioni indotte da un evento di una certa intensit\u00e0;<\/p>\r\n\r\n\r\n\r\n<p data-block-type=\"core\"><strong><em>E = Esposizione o Valore esposto<\/em><\/strong>: \u00e8 il numero di unit\u00e0, o \u201cvalore\u201d, di ognuno degli elementi a rischio, come vite umane o case, presenti in una data area.<\/p>\r\n\r\n\r\n\r\n<p data-block-type=\"core\">In generale la Vulnerabilit\u00e0 delle persone e degli edifici risulta sempre elevata quando si tratta di fenomenologie vulcaniche. Il rischio \u00e8 minimo solo quando lo sono anche la\u00a0Pericolosit\u00e0 o il Valore esposto. E\u2019 il caso di vulcani &#8220;estinti&#8221;; vulcani\u00a0che presentano fenomenologie a pericolosit\u00e0 limitata; oppure di vulcani che si trovano in zone non abitate.<\/p>\r\n\r\n\r\n\r\n<p data-block-type=\"core\">Quanto maggiore \u00e8 la probabilit\u00e0 di eruzione, tanto maggiore \u00e8 il rischio. A parit\u00e0 di Pericolosit\u00e0 invece il rischio aumenta con l\u2019aumentare dell\u2019urbanizzazione dell\u2019area circostante il vulcano. Per fare un esempio, il rischio \u00e8 pi\u00f9 elevato per il Vesuvio, nei cui dintorni vivono circa 600 mila persone, piuttosto che per i vulcani dell&#8217;Alaska, che si trovano in zone a bassa densit\u00e0 di popolazione.<\/p>\r\n<p>Per il testo si fa riferimento al sito nazionale di Protezione Civile.<strong><br \/><\/strong><\/p>\r\n<\/div>\r\n<\/div>\r\n<\/div>\r\n<\/details>\r\n\r\n\n<div class=\"wp-block-stackable-columns stk-block-columns stk-has-top-separator stk-block stk-fa88da4 stk-block-background stk--has-background-overlay\" data-block-id=\"fa88da4\" data-block-type=\"core\"><style>.stk-fa88da4 .stk--block-align-fa88da4{align-items:flex-start !important}.stk-fa88da4{background-color:#FFFFFF !important;background-image:url(https:\/\/www.protezionecivilecalabria.it\/wp-content\/uploads\/9d6870890a00-13fb-ce11-4397-bd8b3608) !important;background-size:auto !important;background-blend-mode:normal !important}.stk-fa88da4:before{background-color:#FFFFFF !important;opacity:0.3 !important}.stk-fa88da4{min-height:431px !important;display:flex !important}.stk-fa88da4{align-items:center !important}.stk-fa88da4 > .stk-separator__top{transform:scaleX(-1) scaleY(-1) !important}.stk-fa88da4-column{--stk-column-gap:0px !important}<\/style><div class=\"stk-separator stk-separator__top\"><div class=\"stk-separator__wrapper\"><svg xmlns=\"http:\/\/www.w3.org\/2000\/svg\" viewbox=\"0 0 1600 200\" class=\"stk-separator__layer-1\" preserveaspectratio=\"none\" aria-hidden=\"true\"><path class=\"wave-2_svg__st2\" d=\"M1432.2 67.4c-88.8-16.7-156-5.3-204 8.5s-147.1 62.2-223.1 73.9c-75.4 11.6-164-7.5-275-27.9S571 88.1 456 98.1c-119.7 10.4-224.7 52-294.4 73-94.5 28.5-171.6-3-171.6-3V210h1620V91.6c-53 10-86.8-7.1-177.8-24.2z\"><\/path><\/svg><svg xmlns=\"http:\/\/www.w3.org\/2000\/svg\" viewbox=\"0 0 1600 200\" preserveaspectratio=\"none\" class=\"stk-separator__layer-2\" aria-hidden=\"true\"><path d=\"M1426.1 33.1c-82.7-36.3-161.6-10.7-203.9 13-20.6 11.5-60.2 35.2-101.6 51.9-43.4 17.5-88.1 33.4-126.6 37.3-75.9 7.6-154-5-259-41.3-106.7-36.9-188.2-62-289-46.7-118 18-214.7 91.6-284.4 112.6-94.5 28.5-171.6-3-171.6-3V207h1620V80.4c-53 10-101.9-11.3-183.9-47.3z\"><\/path><\/svg><\/div><\/div><div class=\"stk-row stk-inner-blocks has-text-align-center stk--block-align-fa88da4 stk-block-content stk-content-align stk-fa88da4-column\">\n<div class=\"wp-block-stackable-column stk-block-column stk-column stk-block stk-3c320cc\" data-block-id=\"3c320cc\"><div class=\"stk-column-wrapper stk-block-column__content stk-container stk-3c320cc-container stk--no-background stk--no-padding\"><div class=\"stk-block-content stk-inner-blocks\">\n<p data-block-type=\"core\"><\/p>\n\n\n\n<p data-block-type=\"core\"><\/p>\n<\/div><\/div><\/div>\n<\/div><\/div>\n\r\n\r\n\n<div class=\"wp-block-column\" style=\"flex-basis:100%\" data-block-type=\"core\" data-block-type=\"core\" data-block-type=\"core\">\n<div class=\"wp-block-stackable-columns stk-block-columns stk-block stk-ec1d488\" data-block-id=\"ec1d488\"><div class=\"stk-row stk-inner-blocks stk-block-content stk-content-align stk-ec1d488-column\">\n<div class=\"wp-block-stackable-column stk-block-column stk-column stk-block stk-6d58874\" data-block-id=\"6d58874\"><style>@media screen and (min-width:768px){.stk-6d58874{flex:1 1 25% !important}}<\/style><div class=\"stk-column-wrapper stk-block-column__content stk-container stk-6d58874-container stk--no-background stk--no-padding\"><div class=\"stk-block-content stk-inner-blocks\"><\/div><\/div><\/div>\n\n\n\n<div class=\"wp-block-stackable-column stk-block-column stk-column stk-block stk-00c2c56\" data-block-id=\"00c2c56\"><style>@media screen and (min-width:768px){.stk-00c2c56{flex:1 1 50% !important}}<\/style><div class=\"stk-column-wrapper stk-block-column__content stk-container stk-00c2c56-container stk--no-background stk--no-padding\"><div class=\"stk-block-content stk-inner-blocks\">\n<div class=\"wp-block-stackable-button-group stk-block-button-group stk-block stk-98bb1b5\" data-block-id=\"98bb1b5\"><div class=\"stk-row stk-inner-blocks stk-block-content stk-button-group\">\n<div class=\"wp-block-stackable-button stk-block-button stk-block stk-fbc3116\" data-block-id=\"fbc3116\"><style>.stk-fbc3116,.stk-fbc3116 .stk-button{width:100% !important}.stk-fbc3116 .stk-button{background:#070B22 !important}<\/style><a class=\"stk-link stk-button stk--hover-effect-darken\" href=\"https:\/\/iononrischio.protezionecivile.it\/\" title=\"IO NON RISCHIO!\" rel=\"IO NON RISCHIO!\"><span class=\"stk--svg-wrapper\"><div class=\"stk--inner-svg\"><svg aria-hidden=\"true\" focusable=\"false\" data-prefix=\"fas\" data-icon=\"globe\" class=\"svg-inline--fa fa-globe fa-w-16\" xmlns=\"http:\/\/www.w3.org\/2000\/svg\" viewBox=\"0 0 496 512\" width=\"32\" height=\"32\"><path fill=\"currentColor\" d=\"M336.5 160C322 70.7 287.8 8 248 8s-74 62.7-88.5 152h177zM152 256c0 22.2 1.2 43.5 3.3 64h185.3c2.1-20.5 3.3-41.8 3.3-64s-1.2-43.5-3.3-64H155.3c-2.1 20.5-3.3 41.8-3.3 64zm324.7-96c-28.6-67.9-86.5-120.4-158-141.6 24.4 33.8 41.2 84.7 50 141.6h108zM177.2 18.4C105.8 39.6 47.8 92.1 19.3 160h108c8.7-56.9 25.5-107.8 49.9-141.6zM487.4 192H372.7c2.1 21 3.3 42.5 3.3 64s-1.2 43-3.3 64h114.6c5.5-20.5 8.6-41.8 8.6-64s-3.1-43.5-8.5-64zM120 256c0-21.5 1.2-43 3.3-64H8.6C3.2 212.5 0 233.8 0 256s3.2 43.5 8.6 64h114.6c-2-21-3.2-42.5-3.2-64zm39.5 96c14.5 89.3 48.7 152 88.5 152s74-62.7 88.5-152h-177zm159.3 141.6c71.4-21.2 129.4-73.7 158-141.6h-108c-8.8 56.9-25.6 107.8-50 141.6zM19.3 352c28.6 67.9 86.5 120.4 158 141.6-24.4-33.8-41.2-84.7-50-141.6h-108z\"><\/path><\/svg><\/div><\/span><span class=\"stk-button__inner-text\">IO NON RISCHIO!<\/span><\/a><\/div>\n<\/div><\/div>\n<\/div><\/div><\/div>\n\n\n\n<div class=\"wp-block-stackable-column stk-block-column stk-column stk-block stk-c107c60\" data-block-id=\"c107c60\"><style>@media screen and (min-width:768px){.stk-c107c60{flex:1 1 25% !important}}<\/style><div class=\"stk-column-wrapper stk-block-column__content stk-container stk-c107c60-container stk--no-background stk--no-padding\"><div class=\"stk-block-content stk-inner-blocks\"><\/div><\/div><\/div>\n<\/div><\/div>\n<\/div>\n","protected":false},"excerpt":{"rendered":"<p>Rischio Vulcanico Protezione Civile Calabria<\/p>\n","protected":false},"author":1,"featured_media":2963,"parent":662,"menu_order":0,"comment_status":"closed","ping_status":"closed","template":"page-nosidebar.php","meta":{"_EventAllDay":false,"_EventTimezone":"","_EventStartDate":"","_EventEndDate":"","_EventStartDateUTC":"","_EventEndDateUTC":"","_EventShowMap":false,"_EventShowMapLink":false,"_EventURL":"","_EventCost":"","_EventCostDescription":"","_EventCurrencySymbol":"","_EventCurrencyCode":"","_EventCurrencyPosition":"","_EventDateTimeSeparator":"","_EventTimeRangeSeparator":"","_EventOrganizerID":[],"_EventVenueID":0,"_OrganizerEmail":"","_OrganizerPhone":"","_OrganizerWebsite":"","_VenueAddress":"","_VenueCity":"","_VenueCountry":"","_VenueProvince":"","_VenueZip":"","_VenuePhone":"","_VenueURL":"","_VenueStateProvince":"","_VenueLat":"","_VenueLng":"","_price":"","_stock":"","_tribe_ticket_header":"","_tribe_default_ticket_provider":"","_tribe_ticket_capacity":"0","_ticket_start_date":"","_ticket_end_date":"","_tribe_ticket_show_description":"","_tribe_ticket_show_not_going":false,"_tribe_ticket_use_global_stock":"","_tribe_ticket_global_stock_level":"","_global_stock_mode":"","_global_stock_cap":"","_tribe_rsvp_for_event":"","_tribe_ticket_going_count":"","_tribe_ticket_not_going_count":"","_tribe_tickets_list":[],"_tribe_ticket_has_attendee_info_fields":false},"tags":[85,194,84,47,86,197],"featured_image_urls":{"full":["https:\/\/www.protezionecivilecalabria.it\/\/wp-content\/uploads\/9d6870890a00-13fb-ce11-8798-c87629a3",1920,1080,false],"thumbnail":["https:\/\/www.protezionecivilecalabria.it\/\/wp-content\/uploads\/9d6870890a00-13fb-ce11-8798-bb29b2e3",150,150,true],"medium":["https:\/\/www.protezionecivilecalabria.it\/\/wp-content\/uploads\/9d6870890a00-13fb-ce11-8798-4a9e4cb3",300,169,true],"medium_large":["https:\/\/www.protezionecivilecalabria.it\/\/wp-content\/uploads\/9d6870890a00-13fb-ce11-8798-ae0f06f3",768,432,true],"large":["https:\/\/www.protezionecivilecalabria.it\/\/wp-content\/uploads\/9d6870890a00-13fb-ce11-8798-d19b8fc3",1024,576,true],"1536x1536":["https:\/\/www.protezionecivilecalabria.it\/\/wp-content\/uploads\/9d6870890a00-13fb-ce11-8798-95930d14",1536,864,true],"2048x2048":["https:\/\/www.protezionecivilecalabria.it\/\/wp-content\/uploads\/9d6870890a00-13fb-ce11-8798-c87629a3",1920,1080,false],"post-thumbnails":["https:\/\/www.protezionecivilecalabria.it\/\/wp-content\/uploads\/9d6870890a00-13fb-ce11-8798-d9501034",512,512,true],"news-image":["https:\/\/www.protezionecivilecalabria.it\/\/wp-content\/uploads\/9d6870890a00-13fb-ce11-8798-b6781344",400,220,true],"gallery-preview":["https:\/\/www.protezionecivilecalabria.it\/\/wp-content\/uploads\/9d6870890a00-13fb-ce11-8798-01691654",80,80,true],"shareaholic-thumbnail":["https:\/\/www.protezionecivilecalabria.it\/\/wp-content\/uploads\/9d6870890a00-13fb-ce11-8798-5ce28964",640,360,true],"tptn_thumbnail":["https:\/\/www.protezionecivilecalabria.it\/\/wp-content\/uploads\/9d6870890a00-13fb-ce11-8798-4dcd5c74",75,60,true]},"post_excerpt_stackable":"<p>Rischio Vulcanico Protezione Civile Calabria<\/p>\n","category_list":"","author_info":{"name":"ftrinca","url":"https:\/\/www.protezionecivilecalabria.it\/?author=1"},"comments_num":"0 comments","ticketed":false,"_links":{"self":[{"href":"https:\/\/www.protezionecivilecalabria.it\/index.php?rest_route=\/wp\/v2\/pages\/3901"}],"collection":[{"href":"https:\/\/www.protezionecivilecalabria.it\/index.php?rest_route=\/wp\/v2\/pages"}],"about":[{"href":"https:\/\/www.protezionecivilecalabria.it\/index.php?rest_route=\/wp\/v2\/types\/page"}],"author":[{"embeddable":true,"href":"https:\/\/www.protezionecivilecalabria.it\/index.php?rest_route=\/wp\/v2\/users\/1"}],"replies":[{"embeddable":true,"href":"https:\/\/www.protezionecivilecalabria.it\/index.php?rest_route=%2Fwp%2Fv2%2Fcomments&post=3901"}],"version-history":[{"count":5,"href":"https:\/\/www.protezionecivilecalabria.it\/index.php?rest_route=\/wp\/v2\/pages\/3901\/revisions"}],"predecessor-version":[{"id":4537,"href":"https:\/\/www.protezionecivilecalabria.it\/index.php?rest_route=\/wp\/v2\/pages\/3901\/revisions\/4537"}],"up":[{"embeddable":true,"href":"https:\/\/www.protezionecivilecalabria.it\/index.php?rest_route=\/wp\/v2\/pages\/662"}],"wp:featuredmedia":[{"embeddable":true,"href":"https:\/\/www.protezionecivilecalabria.it\/index.php?rest_route=\/wp\/v2\/media\/2963"}],"wp:attachment":[{"href":"https:\/\/www.protezionecivilecalabria.it\/index.php?rest_route=%2Fwp%2Fv2%2Fmedia&parent=3901"}],"wp:term":[{"taxonomy":"post_tag","embeddable":true,"href":"https:\/\/www.protezionecivilecalabria.it\/index.php?rest_route=%2Fwp%2Fv2%2Ftags&post=3901"}],"curies":[{"name":"wp","href":"https:\/\/api.w.org\/{rel}","templated":true}]}}