{"id":4405,"date":"2022-03-14T07:51:35","date_gmt":"2022-03-14T06:51:35","guid":{"rendered":"https:\/\/www.protezionecivilecalabria.it\/?page_id=4405"},"modified":"2022-09-07T11:07:15","modified_gmt":"2022-09-07T09:07:15","slug":"pianificazione-gestione-e-superamento-dellemergenza","status":"publish","type":"page","link":"https:\/\/www.protezionecivilecalabria.it\/?page_id=4405","title":{"rendered":"SETTORE 2 &#8211; PIANIFICAZIONE, GESTIONE E SUPERAMENTO DELL\u2019EMERGENZA"},"content":{"rendered":"\n<p data-block-type=\"core\"><em><strong><em>Il Settore \u00e8 composto dalle seguenti Unit\u00e0 Operative:<\/em><\/strong><\/em><\/p>\n\n\n<ul>\n<li style=\"text-align: justify;\"><strong>UO_2.1 Pianificazione di Protezione Civile \u2192<\/strong> Pianificazione di protezione civile a livello provinciale, regionale e nazionale; Pianificazione di protezione civile connessa ai Piani di Emergenza Dighe; Aggiornamento dati del sistema informativo relativo ai Piani di Protezione Civile; Predisposizione ed aggiornamento delle linee guida per la pianificazione di protezione civile; Supporto al Dipartimento Nazionale per l\u2019attuazione del Programma Operativo Comunitario &#8211; PON Governance; Attivit\u00e0 di prevenzione e mitigazione non strutturali dei rischi (ai sensi dell\u2019art. 2 del Decreto Legislativo n.1 del 2 gennaio 2018 \u201cCodice di Protezione Civile\u201d);\u00a0 Collaborazione con il Dipartimento Nazionale di Protezione Civile negli studi per la redazione dei piani di protezione civile legati ad emergenze di valenza nazionale;\u00a0 Supporto tecnico scientifico alle amministrazioni comunali nella redazione dei loro piani di protezione<br \/>civile;\u00a0 Progettazione e redazione di una nuova perimetrazione del territorio, denominata \u201cAmbiti Territoriali<br \/>Ottimali\u201d;<\/li>\n<\/ul>\n<ul>\n<li style=\"text-align: justify;\"><strong>UO_2.2 Coordinamento degli interventi di Protezione Civile regionale in emergenza \u2192 <\/strong>Coordinamento delle attivit\u00e0 di protezione civile in emergenza; \u00a0Valutazione del rischio residuo derivante da eventi o fragilit\u00e0 del territorio;<br \/>\u00a0Attivit\u00e0 di sopralluogo; Ricognizione danni sul territorio post emergenza; Rapporti con le altre Componenti (Dipartimento Nazionale di Protezione Civile, Prefetture, Comuni,ecc.) e Strutture Operative (Vigili del Fuoco, Forze Armate, ecc.) del Sistema di Protezione Civile per gli aspetti operativi legati alle emergenze; Aggiornamento dati dei sistemi informativi di afferenti la gestione delle emergenze di protezione civile;<\/li>\n<\/ul>\n<ul>\n<li style=\"text-align: justify;\"><strong>UO_2.3 Soccorso e assistenza alla popolazione \u2192<\/strong> Coordinamento e monitoraggio degli interventi di soccorso; \u00a0Attivit\u00e0 di assistenza alla popolazione;\u00a0 Informazione alla popolazione e agli organi di stampa;<\/li>\n<\/ul>\n<ul>\n<li style=\"text-align: justify;\"><strong>UO_2.4 Operativit\u00e0 della Colonna Mobile regionale \u2192 <\/strong>Pianificazione e gestione della movimentazione dei materiali in entrata ed in uscita; \u00a0Movimentazione e dislocazione dei moduli in fase previsionale ed emergenziale; Rapporti con il Dipartimento Nazionale di Protezione Civile e con Enti terzi ed istituzioni;<\/li>\n<\/ul>\n<ul>\n<li style=\"text-align: justify;\"><strong>UO_2.5 Attivit\u00e0 esercitative di protezione civile \u2192<\/strong> Programmazione e organizzazione attivit\u00e0 esercitative; Rapporti e raccordo con il Dipartimento Nazionale di Protezione Civile; Svolgimento prove esercitative per verificare la capacit\u00e0 di intervento;<\/li>\n<\/ul>\n<ul>\n<li style=\"text-align: justify;\"><strong>UO_2.6 Attivit\u00e0 finalizzate alla valutazione analisi dei rischi naturali e antropici \u2192<\/strong> Collaborazione con la comunit\u00e0 scientifica e con gli Enti di ricerca; Promozione delle attivit\u00e0 di natura tecnico-scientifica finalizzate alla previsione e prevenzione delle diverse tipologie di rischi e alla definizione dei relativi scenari; Valutazione del rischio residuo derivante da eventi o fragilit\u00e0 del territorio; Progettazione, programmazione e realizzazione delle attivit\u00e0 finalizzate alla valutazione e analisi dei rischi naturali ed antropici; Studio della pericolosit\u00e0 degli eventi e gestione dei rischi associati;<\/li>\n<\/ul>\n<ul>\n<li style=\"text-align: justify;\"><strong>UO_2.7 Gestione delle Ordinanze di Protezione Civile \u2192<\/strong> Gestione tecnico amministrativa delle ordinanze di protezione civile; Gestione contabilit\u00e0 speciale e rendicontazione; Collaborazione con i Dipartimenti regionali preposti, organizzazione e promozione di incontri; Chiusura stato emergenziale e predisposizione relazione stato di consistenza interventi per il trasferimento in ordinario;<\/li>\n<\/ul>","protected":false},"excerpt":{"rendered":"<p>Il Settore 2 Pianificazione, Gestione E Superamento Dell\u2019Emergenza <\/p>\n","protected":false},"author":1,"featured_media":0,"parent":1407,"menu_order":0,"comment_status":"closed","ping_status":"closed","template":"","meta":{"_EventAllDay":false,"_EventTimezone":"","_EventStartDate":"","_EventEndDate":"","_EventStartDateUTC":"","_EventEndDateUTC":"","_EventShowMap":false,"_EventShowMapLink":false,"_EventURL":"","_EventCost":"","_EventCostDescription":"","_EventCurrencySymbol":"","_EventCurrencyCode":"","_EventCurrencyPosition":"","_EventDateTimeSeparator":"","_EventTimeRangeSeparator":"","_EventOrganizerID":[],"_EventVenueID":0,"_OrganizerEmail":"","_OrganizerPhone":"","_OrganizerWebsite":"","_VenueAddress":"","_VenueCity":"","_VenueCountry":"","_VenueProvince":"","_VenueZip":"","_VenuePhone":"","_VenueURL":"","_VenueStateProvince":"","_VenueLat":"","_VenueLng":"","_price":"","_stock":"","_tribe_ticket_header":"","_tribe_default_ticket_provider":"","_tribe_ticket_capacity":"0","_ticket_start_date":"","_ticket_end_date":"","_tribe_ticket_show_description":"","_tribe_ticket_show_not_going":false,"_tribe_ticket_use_global_stock":"","_tribe_ticket_global_stock_level":"","_global_stock_mode":"","_global_stock_cap":"","_tribe_rsvp_for_event":"","_tribe_ticket_going_count":"","_tribe_ticket_not_going_count":"","_tribe_tickets_list":[],"_tribe_ticket_has_attendee_info_fields":false},"tags":[245,241,237,29,12],"featured_image_urls":{"full":"","thumbnail":"","medium":"","medium_large":"","large":"","1536x1536":"","2048x2048":"","post-thumbnails":"","news-image":"","gallery-preview":"","shareaholic-thumbnail":"","tptn_thumbnail":""},"post_excerpt_stackable":"<p>Il Settore 2 Pianificazione, Gestione E Superamento Dell\u2019Emergenza <\/p>\n","category_list":"","author_info":{"name":"ftrinca","url":"https:\/\/www.protezionecivilecalabria.it\/?author=1"},"comments_num":"0 comments","ticketed":false,"_links":{"self":[{"href":"https:\/\/www.protezionecivilecalabria.it\/index.php?rest_route=\/wp\/v2\/pages\/4405"}],"collection":[{"href":"https:\/\/www.protezionecivilecalabria.it\/index.php?rest_route=\/wp\/v2\/pages"}],"about":[{"href":"https:\/\/www.protezionecivilecalabria.it\/index.php?rest_route=\/wp\/v2\/types\/page"}],"author":[{"embeddable":true,"href":"https:\/\/www.protezionecivilecalabria.it\/index.php?rest_route=\/wp\/v2\/users\/1"}],"replies":[{"embeddable":true,"href":"https:\/\/www.protezionecivilecalabria.it\/index.php?rest_route=%2Fwp%2Fv2%2Fcomments&post=4405"}],"version-history":[{"count":6,"href":"https:\/\/www.protezionecivilecalabria.it\/index.php?rest_route=\/wp\/v2\/pages\/4405\/revisions"}],"predecessor-version":[{"id":7101,"href":"https:\/\/www.protezionecivilecalabria.it\/index.php?rest_route=\/wp\/v2\/pages\/4405\/revisions\/7101"}],"up":[{"embeddable":true,"href":"https:\/\/www.protezionecivilecalabria.it\/index.php?rest_route=\/wp\/v2\/pages\/1407"}],"wp:attachment":[{"href":"https:\/\/www.protezionecivilecalabria.it\/index.php?rest_route=%2Fwp%2Fv2%2Fmedia&parent=4405"}],"wp:term":[{"taxonomy":"post_tag","embeddable":true,"href":"https:\/\/www.protezionecivilecalabria.it\/index.php?rest_route=%2Fwp%2Fv2%2Ftags&post=4405"}],"curies":[{"name":"wp","href":"https:\/\/api.w.org\/{rel}","templated":true}]}}