{"id":537,"date":"2021-09-08T17:51:20","date_gmt":"2021-09-08T15:51:20","guid":{"rendered":"https:\/\/www.protezionecivilecalabria.it\/?page_id=537"},"modified":"2021-09-08T17:52:58","modified_gmt":"2021-09-08T15:52:58","slug":"rischio-sismico","status":"publish","type":"page","link":"https:\/\/www.protezionecivilecalabria.it\/?page_id=537","title":{"rendered":"Rischio sismico"},"content":{"rendered":"<h1><\/h1>\n<div>\n<p><img class=\"img-fluid float-left\" src=\"https:\/\/rischi.protezionecivile.gov.it\/static\/1d23d5f54a7cd7fc1539606f9965a1b6\/14b42\/Rischio%2520sismico_IMG_1064.jpg\" alt=\"Rischio sismico\" \/><\/p>\n<div>\n<p style=\"text-align: justify;\">Il territorio nazionale \u00e8\u00a0 interamente sismico \u2013 e tutti i comuni italiani possono subire danni da terremoti \u2013 ma le scosse pi\u00f9 forti si concentrano in alcune aree: nell\u2019Italia Nord-Orientale (Friuli Venezia Giulia e Veneto), nella Liguria Occidentale, nell\u2019Appennino Settentrionale (dalla Garfagnana al Riminese), e lungo tutto l\u2019Appennino Centrale e Meridionale, in Calabria e in Sicilia Orientale.<\/p>\n<p style=\"text-align: justify;\">Non \u00e8 ancora possibile prevedere con certezza quando, con quale forza e dove si verificher\u00e0 il prossimo terremoto. \u00c8 noto per\u00f2 quali siano le zone pi\u00f9 pericolose e cosa sia possibile aspettarsi da una scossa: essere preparati \u00e8 quindi il modo migliore per prevenire e ridurre le conseguenze di un terremoto.<\/p>\n<\/div>\n<div class=\"row in-evidenza\">\n<div class=\"col-12 col-md-6\">\n<article class=\"card-wrapper card-space\">\n<div class=\"card card-img\">\n<div class=\"img-responsive-wrapper\">\n<div class=\"img-responsive\" style=\"text-align: center;\">\n<figure class=\"img-wrapper\"><figcaption class=\"sr-only\">Fenomeno Rischio sismico<\/figcaption><a class=\"\" href=\"https:\/\/rischi.protezionecivile.gov.it\/it\/sismico\/terremoto\"><img src=\"https:\/\/rischi.protezionecivile.gov.it\/static\/926d94115fa572e515f28b5c83acac33\/7bc87\/sismico_fen.jpg\" alt=\"Fenomeno Rischio sismico\" \/><\/a><\/figure>\n<\/div>\n<\/div>\n<div class=\"card-body\" style=\"text-align: center;\">\n<h3 class=\"card-title\"><a href=\"https:\/\/rischi.protezionecivile.gov.it\/it\/sismico\/terremoto\">Rischio sismico. Il fenomeno<\/a><\/h3>\n<\/div>\n<\/div>\n<\/article>\n<\/div>\n<div class=\"col-12 col-md-6\" style=\"text-align: center;\">\n<article class=\"card-wrapper card-space\">\n<div class=\"card card-img\">\n<div class=\"img-responsive-wrapper\">\n<div class=\"img-responsive\">\n<figure class=\"img-wrapper\"><figcaption class=\"sr-only\">Attivit\u00e0 Rischio sismico<\/figcaption><a class=\"\" href=\"https:\/\/rischi.protezionecivile.gov.it\/it\/sismico\/attivita\"><img src=\"https:\/\/rischi.protezionecivile.gov.it\/static\/f4cac3068dd1f34d0ecdd77e999954a8\/7bc87\/sismico_att.jpg\" alt=\"Attivit\u00e0 Rischio sismico\" \/><\/a><\/figure>\n<\/div>\n<\/div>\n<div class=\"card-body\">\n<h3 class=\"card-title\"><a href=\"https:\/\/rischi.protezionecivile.gov.it\/it\/sismico\/attivita\">Rischio sismico. Le attivit\u00e0<\/a><\/h3>\n<\/div>\n<\/div>\n<\/article>\n<\/div>\n<\/div>\n<div class=\"row in-evidenza\">\n<div class=\"col-12 col-md-6\">\n<article class=\"card-wrapper card-space\">\n<div class=\"card card-img\">\n<div class=\"img-responsive-wrapper\" style=\"text-align: center;\">\n<div class=\"img-responsive\">\n<figure class=\"img-wrapper\"><figcaption class=\"sr-only\">Sei preparato Rischio sismico<\/figcaption><a class=\"\" href=\"https:\/\/rischi.protezionecivile.gov.it\/it\/sismico\/sei-preparato\"><img src=\"https:\/\/rischi.protezionecivile.gov.it\/static\/c122390dd053bc6263ad29b0bad8a413\/7bc87\/sismico_prep.jpg\" alt=\"Sei preparato Rischio sismico\" \/><\/a><\/figure>\n<\/div>\n<\/div>\n<div class=\"card-body\">\n<h3 class=\"card-title\" style=\"text-align: center;\"><a href=\"https:\/\/rischi.protezionecivile.gov.it\/it\/sismico\/sei-preparato\">Rischio sismico. Sei preparato?<\/a><\/h3>\n<\/div>\n<\/div>\n<\/article>\n<\/div>\n<\/div>\n<\/div>\n","protected":false},"excerpt":{"rendered":"<p>Il territorio nazionale \u00e8\u00a0 interamente sismico \u2013 e tutti i comuni italiani possono subire danni da terremoti \u2013 ma le scosse pi\u00f9 forti si concentrano in alcune aree: nell\u2019Italia Nord-Orientale (Friuli Venezia Giulia e Veneto), nella Liguria Occidentale, nell\u2019Appennino Settentrionale (dalla Garfagnana al Riminese), e lungo tutto l\u2019Appennino Centrale e Meridionale, in Calabria e in Sicilia Orientale.<\/p>\n","protected":false},"author":1,"featured_media":538,"parent":0,"menu_order":0,"comment_status":"closed","ping_status":"closed","template":"","meta":{"_EventAllDay":false,"_EventTimezone":"","_EventStartDate":"","_EventEndDate":"","_EventStartDateUTC":"","_EventEndDateUTC":"","_EventShowMap":false,"_EventShowMapLink":false,"_EventURL":"","_EventCost":"","_EventCostDescription":"","_EventCurrencySymbol":"","_EventCurrencyCode":"","_EventCurrencyPosition":"","_EventDateTimeSeparator":"","_EventTimeRangeSeparator":"","_EventOrganizerID":[],"_EventVenueID":0,"_OrganizerEmail":"","_OrganizerPhone":"","_OrganizerWebsite":"","_VenueAddress":"","_VenueCity":"","_VenueCountry":"","_VenueProvince":"","_VenueZip":"","_VenuePhone":"","_VenueURL":"","_VenueStateProvince":"","_VenueLat":"","_VenueLng":"","_price":"","_stock":"","_tribe_ticket_header":"","_tribe_default_ticket_provider":"","_tribe_ticket_capacity":"0","_ticket_start_date":"","_ticket_end_date":"","_tribe_ticket_show_description":"","_tribe_ticket_show_not_going":false,"_tribe_ticket_use_global_stock":"","_tribe_ticket_global_stock_level":"","_global_stock_mode":"","_global_stock_cap":"","_tribe_rsvp_for_event":"","_tribe_ticket_going_count":"","_tribe_ticket_not_going_count":"","_tribe_tickets_list":[],"_tribe_ticket_has_attendee_info_fields":false},"tags":[85,49,46,37,29,84,89,88,87,52,90,86],"featured_image_urls":{"full":["https:\/\/www.protezionecivilecalabria.it\/\/wp-content\/uploads\/c0add6810100-4a1b-ce11-cb01-71afe667",800,449,false],"thumbnail":["https:\/\/www.protezionecivilecalabria.it\/\/wp-content\/uploads\/c0add6810100-4a1b-ce11-cb01-8659d477",150,150,true],"medium":["https:\/\/www.protezionecivilecalabria.it\/\/wp-content\/uploads\/c0add6810100-4a1b-ce11-cb01-fa03cd67",300,168,true],"medium_large":["https:\/\/www.protezionecivilecalabria.it\/\/wp-content\/uploads\/c0add6810100-4a1b-ce11-cb01-c239bb77",768,431,true],"large":["https:\/\/www.protezionecivilecalabria.it\/\/wp-content\/uploads\/c0add6810100-4a1b-ce11-cb01-71afe667",800,449,false],"1536x1536":["https:\/\/www.protezionecivilecalabria.it\/\/wp-content\/uploads\/c0add6810100-4a1b-ce11-cb01-71afe667",800,449,false],"2048x2048":["https:\/\/www.protezionecivilecalabria.it\/\/wp-content\/uploads\/c0add6810100-4a1b-ce11-cb01-71afe667",800,449,false],"post-thumbnails":["https:\/\/www.protezionecivilecalabria.it\/\/wp-content\/uploads\/c0add6810100-4a1b-ce11-cb01-bcb9a287",512,449,true],"news-image":["https:\/\/www.protezionecivilecalabria.it\/\/wp-content\/uploads\/c0add6810100-4a1b-ce11-cb01-ecc2f897",400,220,true],"gallery-preview":["https:\/\/www.protezionecivilecalabria.it\/\/wp-content\/uploads\/c0add6810100-4a1b-ce11-cb01-18f2d0a7",80,80,true],"shareaholic-thumbnail":["https:\/\/www.protezionecivilecalabria.it\/\/wp-content\/uploads\/c0add6810100-4a1b-ce11-cb01-71afe667",640,359,false],"tptn_thumbnail":["https:\/\/www.protezionecivilecalabria.it\/\/wp-content\/uploads\/c0add6810100-4a1b-ce11-cb01-71afe667",75,42,false]},"post_excerpt_stackable":"<p>Il territorio nazionale \u00e8\u00a0 interamente sismico \u2013 e tutti i comuni italiani possono subire danni da terremoti \u2013 ma le scosse pi\u00f9 forti si concentrano in alcune aree: nell\u2019Italia Nord-Orientale (Friuli Venezia Giulia e Veneto), nella Liguria Occidentale, nell\u2019Appennino Settentrionale (dalla Garfagnana al Riminese), e lungo tutto l\u2019Appennino Centrale e Meridionale, in Calabria e in Sicilia Orientale. Non \u00e8 ancora possibile prevedere con certezza quando, con quale forza e dove si verificher\u00e0 il prossimo terremoto. \u00c8 noto per\u00f2 quali siano le zone pi\u00f9 pericolose e cosa sia possibile aspettarsi da una scossa: essere preparati \u00e8 quindi il modo migliore per&hellip;<\/p>\n","category_list":"","author_info":{"name":"ftrinca","url":"https:\/\/www.protezionecivilecalabria.it\/?author=1"},"comments_num":"0 comments","ticketed":false,"_links":{"self":[{"href":"https:\/\/www.protezionecivilecalabria.it\/index.php?rest_route=\/wp\/v2\/pages\/537"}],"collection":[{"href":"https:\/\/www.protezionecivilecalabria.it\/index.php?rest_route=\/wp\/v2\/pages"}],"about":[{"href":"https:\/\/www.protezionecivilecalabria.it\/index.php?rest_route=\/wp\/v2\/types\/page"}],"author":[{"embeddable":true,"href":"https:\/\/www.protezionecivilecalabria.it\/index.php?rest_route=\/wp\/v2\/users\/1"}],"replies":[{"embeddable":true,"href":"https:\/\/www.protezionecivilecalabria.it\/index.php?rest_route=%2Fwp%2Fv2%2Fcomments&post=537"}],"version-history":[{"count":3,"href":"https:\/\/www.protezionecivilecalabria.it\/index.php?rest_route=\/wp\/v2\/pages\/537\/revisions"}],"predecessor-version":[{"id":541,"href":"https:\/\/www.protezionecivilecalabria.it\/index.php?rest_route=\/wp\/v2\/pages\/537\/revisions\/541"}],"wp:featuredmedia":[{"embeddable":true,"href":"https:\/\/www.protezionecivilecalabria.it\/index.php?rest_route=\/wp\/v2\/media\/538"}],"wp:attachment":[{"href":"https:\/\/www.protezionecivilecalabria.it\/index.php?rest_route=%2Fwp%2Fv2%2Fmedia&parent=537"}],"wp:term":[{"taxonomy":"post_tag","embeddable":true,"href":"https:\/\/www.protezionecivilecalabria.it\/index.php?rest_route=%2Fwp%2Fv2%2Ftags&post=537"}],"curies":[{"name":"wp","href":"https:\/\/api.w.org\/{rel}","templated":true}]}}