{"id":594,"date":"2022-02-22T10:20:00","date_gmt":"2022-02-22T09:20:00","guid":{"rendered":"https:\/\/www.protezionecivilecalabria.it\/?page_id=594"},"modified":"2022-11-30T12:18:25","modified_gmt":"2022-11-30T11:18:25","slug":"volontariato-2","status":"publish","type":"page","link":"https:\/\/www.protezionecivilecalabria.it\/?page_id=594","title":{"rendered":"Volontariato"},"content":{"rendered":"\n<h3 data-block-type=\"core\">&nbsp;<\/h3>\n\n\n\n<div class=\"wp-block-columns\" data-block-type=\"core\">\n<div class=\"wp-block-column\" style=\"flex-basis:66.66%\" data-block-type=\"core\"><\/div>\n<\/div>\n\n\n\n<div class=\"wp-block-columns\" data-block-type=\"core\">\n<div class=\"wp-block-column\" data-block-type=\"core\">\n<div class=\"wp-block-image\" data-block-type=\"core\"><figure class=\"aligncenter size-large is-resized\"><img loading=\"lazy\" src=\"https:\/\/www.protezionecivilecalabria.it\/wp-content\/uploads\/9d6870890a00-13fb-ce11-ef39-611d4cd2\" alt=\"\" class=\"wp-image-4211\" width=\"250\" height=\"168\"\/><\/figure><\/div>\n\n\n\n<p class=\"has-text-align-center\" data-block-type=\"core\"><a href=\"#\"><strong>Eventi<\/strong> Protezione Civile Calabria<\/a><\/p>\n<\/div>\n\n\n\n<div class=\"wp-block-column\" data-block-type=\"core\">\n<div class=\"wp-block-image\" data-block-type=\"core\"><figure class=\"aligncenter size-large is-resized\"><img loading=\"lazy\" src=\"https:\/\/www.protezionecivilecalabria.it\/wp-content\/uploads\/9d6870890a00-13fb-ce11-ef39-e3c489e3\" alt=\"\" class=\"wp-image-4215\" width=\"250\" height=\"168\"\/><\/figure><\/div>\n\n\n\n<p class=\"has-text-align-center\" data-block-type=\"core\"><a href=\"#\"><strong>Esercitazioni<\/strong> Protezione Civile Calabria<\/a><\/p>\n<\/div>\n\n\n\n<div class=\"wp-block-column\" data-block-type=\"core\">\n<div class=\"wp-block-image\" data-block-type=\"core\"><figure class=\"aligncenter size-large is-resized\"><img loading=\"lazy\" src=\"https:\/\/www.protezionecivilecalabria.it\/wp-content\/uploads\/c0add6810100-4a1b-ce11-ef39-29b11ac2\" alt=\"\" class=\"wp-image-4219\" width=\"250\" height=\"168\"\/><\/figure><\/div>\n\n\n\n<p class=\"has-text-align-center\" data-block-type=\"core\"><a href=\"#\"><strong>Formazione<\/strong> Protezione Civile Calabria<\/a><\/p>\n<\/div>\n<\/div>\n\n\n<p style=\"text-align: justify;\">&nbsp;Il Volontariato \u00e8 una \u201c<em><u>struttura operativa<\/u><\/em>\u201d del servizio della protezione civile &#8211; alla stregua delle componenti istituzionali come il Corpo nazionale dei Vigili del Fuoco, le Forze Armate, le Forze di Polizia ecc (D.Lgs. n.1\/2018)- con funzioni di supporto alle azioni di protezione civile adottate dalle istituzioni, sia nell\u2019ambito delle attivit\u00e0 di previsione e prevenzione delle varie ipotesi di rischio e nelle attivit\u00e0 di soccorso, che della fattiva ed indispensabile attivit\u00e0 di collaborazione alla sensibilizzazione civile nei confronti della collettivit\u00e0 alle problematiche di protezione civile.<\/p>\n<p style=\"text-align: justify;\">Il riconoscimento del ruolo svolto dal volontariato di protezione civile \u00e8 comprovato anche dai regolamenti che lo Stato ha emanato per disciplinare la partecipazione delle organizzazioni di volontariato in tutte quelle azioni in cui si esplica l\u2019attivit\u00e0 di protezione civile: pianificazione, previsione, prevenzione, soccorso, addestramento e simulazione di emergenza, attivit\u00e0 di ricerca, recupero e salvataggio in acqua e formazione teorico-pratica.<\/p>\n<p style=\"text-align: justify;\">Nelle varie emergenze in cui si \u00e8 trovato ad operare il volontariato ha dimostrato di essere in grado di fornire un servizio organizzato tale da garantire capillarit\u00e0, efficacia e tempestivit\u00e0 d\u2019intervento, integrandosi con le forze istituzionali presenti sul territorio e valorizzando nel contempo l\u2019apporto della cittadinanza negli interventi di protezione civile.<\/p>\n<p style=\"text-align: justify;\">In emergenze di protezione civile i volontari devono intervenire su richiesta delle Autorit\u00e0 preposte e con il coordinamento delle medesime.<\/p>\n<p style=\"text-align: justify;\">A livello comunale e\/o intercomunale spettano ai Comuni le funzioni connesse all&#8217;impiego del volontariato di protezione civile, sulla base degli indirizzi nazionali e regionali, nonch\u00e8 la vigilanza sulle relative attivit\u00e0 (art. 108 D.Lgs. 112\/98 &#8211; art.122 L.R.34\/2002).<\/p>\n<p style=\"text-align: justify;\">L&#8217;attivit\u00e0 di volontariato non deve perseguire fini di lucro o di vantaggio personale, e deve essere svolta in forma spontanea, gratuita e per fini di solidariet\u00e0.<\/p>\n<p style=\"text-align: justify;\">I singoli cittadini che intendano prestare attivit\u00e0 di volontariato di protezione civile attraverso un&#8217;organizzazione di volontariato riconosciuta, possono orientare la propria scelta in funzione:<\/p>\n<ul style=\"text-align: justify;\">\n<li>delle organizzazioni legalmente costituite nel territorio di appartenenza e dei fini da queste perseguiti dai rispettivi statuti associativi (o dai regolamenti dei gruppi comunali);<\/li>\n<li>delle esigenze del territorio in relazione ai rischi presenti su di esso;<\/li>\n<li>del tipo di attivit\u00e0 specialistica di protezione civile che si intende svolgere come volontario;<\/li>\n<li>del tipo di disponibilit\u00e0 che si intende fornire come volontario (a livello comunale, provinciale, nazionale, internazionale).<\/li>\n<\/ul>\n<p style=\"text-align: justify;\">E\u2019 bene ricordare che ai volontari aderenti ad organizzazioni di volontariato, impiegati in attivit\u00e0 di soccorso ed assistenza in vista o in occasione delle emergenze, sono garantiti, relativamente al periodo di effettivo impiego che il datore di lavoro peraltro \u00e8 tenuto a consentire, il mantenimento del posto di lavoro e del trattamento economico e previdenziale da parte del datore di lavoro, nonch\u00e9 la copertura assicurativa.<\/p>\n<p style=\"text-align: justify;\">Anche nell\u2019ambito del Sistema di protezione civile della Regione Calabria, il volontariato si distingue come la componente operativa pi\u00f9 numerosa. Nella Regione si contano attualmente poco meno di 4.000 volontari di protezione civile appartenenti a circa 250 tra Associazioni di volontariato e Gruppi comunali di volontari di protezione civile.<\/p>\n<p style=\"text-align: justify;\">Sono considerate associazioni di volontariato quelle associazioni liberamente costituite che, per fini solidaristici e gratuitamente, si occupano prevalentemente o hanno finalit\u00e0 di protezione civile, dotate di un\u2019organizzazione specifica costituita da nuclei autosufficienti ed in grado di essere mobilitate per interventi di protezione civile, in sede locale, regionale ed extraregionale.<\/p>\n<p style=\"text-align: justify;\">Le organizzazioni di volontariato vengono classificate per competenza professionale e specialit\u00e0 e per livello di operativit\u00e0 all\u2019interno degli ambiti territoriali di livello comunale, sovracomunale, provinciale o regionale. I settori di attivit\u00e0 sono: comunicazioni, soccorso sanitario, antincendio, soccorso alpino e speleologico, soccorso in acqua, unit\u00e0 cinofile, tecnico logistico, ausiliario e di assistenza, chimico e nucleare.<\/p>\n<p style=\"text-align: justify;\">Per quanto concerne le forme di partecipazione alle attivit\u00e0 di protezione civile, i volontari, possono essere impiegati in caso di emergenza o per situazioni di preallarme sul territorio regionale, nonch\u00e9 per le esercitazioni settoriali o globali organizzate al fine di migliorare il grado di operativit\u00e0 e di alta specializzazione dei volontari stessi e di tutta la struttura di appartenenza.<\/p>\n<p style=\"text-align: justify;\">I Gruppi comunali di volontari di protezione civile della Regione sono formati da cittadini che prestano la loro opera, senza fini di lucro o vantaggi personali, in attivit\u00e0 di previsione, prevenzione e soccorso in caso di calamit\u00e0 che interessano il relativo territorio, nonch\u00e9 il ripristino a seguito dell\u2019emergenza.<\/p>\n<p style=\"text-align: justify;\"><u>Il responsabile della struttura comunale di protezione civile \u00e8 il&nbsp;<strong>Sindaco,<\/strong>&nbsp;che \u00e8 la&nbsp;<strong>prima autorit\u00e0 di protezione civile<\/strong><\/u>. All\u2019interno del Gruppo comunale possono essere formate squadre specializzate, in relazione a particolari e diversificati rischi incombenti sul rispettivo territorio.<\/p>\n<p style=\"text-align: justify;\">I Gruppi comunali di protezione civile costituiscono un fenomeno di grande rilievo nel contesto regionale sia per il numero di persone coinvolte, sia per la mole dell\u2019attivit\u00e0 svolta non solo durante le emergenze ma anche in condizioni di normalit\u00e0. Un ulteriore aspetto di particolare rilievo consiste nel positivo rapporto di collaborazione che il Gruppo comunale riesce ad instaurare con le comunit\u00e0 locali.<\/p>\n<p style=\"text-align: justify;\">Tra i corsi specialistici si annoverano, tra gli altri, i corsi dedicati ai volontari antincendio boschivo (AIB).<\/p>\n<p style=\"text-align: justify;\">Grazie infatti alla capillare diffusione su tutto il territorio regionale, ed in particolare nelle aree pi\u00f9 a rischio, i gruppi assicurano efficienza al sistema di protezione civile, svolgendo una preziosa funzione di controllo e di presidio del territorio e promuovendo la cultura di protezione civile e di salvaguardia dell\u2019ambiente.<\/p>\n<p style=\"text-align: justify;\">Una capillare presenza del volontariato di protezione civile organizzato e qualificato contribuisce a migliorare la risposta del Sistema di Protezione Civile, attese le criticit\u00e0 che interessano la gran parte dei 409 Comuni calabresi, in termini di rischio e di morfologia del territorio.<\/p>\n\n\n<div class=\"wp-block-stackable-text stk-block-text stk-block stk-84295fb\" data-block-id=\"84295fb\"><style>.stk-84295fb .stk-block-text__text{font-size:39px !important;font-weight:bold !important;font-family:\"Titillium Web\",Sans-serif !important}@media screen and (max-width:1023px){.stk-84295fb .stk-block-text__text{font-size:39px !important}}<\/style><p class=\"stk-block-text__text has-text-align-center\">Alcuni numeri del Volontariato in Calabria<\/p><\/div>\n\n\n\n<div class=\"wp-block-stackable-columns alignwide stk-block-columns stk-block stk-cf3e36b\" data-block-id=\"cf3e36b\"><div class=\"stk-row stk-inner-blocks stk-block-content stk-content-align stk-cf3e36b-column alignwide\">\n<div class=\"wp-block-stackable-column stk-block-column stk-column stk-block stk-c0e3027 stk-block-background stk--has-background-overlay\" data-block-id=\"c0e3027\"><style>.stk-c0e3027{background-image:url(https:\/\/www.protezionecivilecalabria.it\/wp-content\/uploads\/9d6870890a00-13fb-ce11-f052-4999dced) !important}.stk-c0e3027:hover{background-color:#000000 !important}.stk-c0e3027:before{background-color:#000000 !important;opacity:0.3 !important}.stk-c0e3027:hover:before{background-color:#000000 !important;opacity:0.8 !important}.stk-c0e3027 .stk-block-column__content{min-height:400px !important;display:flex !important}.stk-c0e3027 .stk-block-column__content{align-items:center !important}<\/style><div class=\"stk-column-wrapper stk-block-column__content stk-container stk-c0e3027-container stk--no-background stk--no-padding\"><div class=\"stk-block-content stk-inner-blocks\">\n<div class=\"wp-block-stackable-heading stk-block-heading stk-block stk-3d8c33c\" data-block-id=\"3d8c33c\"><style>.stk-3d8c33c .stk-block-heading__text{font-size:32px !important;margin:0 !important;color:#ffffff !important;font-weight:900 !important;text-transform:uppercase !important;font-style:italic !important;font-family:\"Titillium Web\",Sans-serif !important}@media screen and (max-width:1023px){.stk-3d8c33c .stk-block-heading__text{font-size:32px !important}}<\/style><h2 class=\"stk-block-heading__text has-text-color has-text-align-center\">ASSOCIAZIONI DI PROTEZIONE CIVILE<\/h2><\/div>\n\n\n\n<div class=\"wp-block-stackable-count-up stk-block-count-up stk-block stk-8e9dbe0\" data-block-id=\"8e9dbe0\"><style>.stk-8e9dbe0 .stk-block-count-up__text{font-size:53px !important;color:#ffffff !important;font-weight:bold !important;font-family:\"Titillium Web\",Sans-serif !important}@media screen and (max-width:1023px){.stk-8e9dbe0 .stk-block-count-up__text{font-size:50px !important}}<\/style><div class=\"stk-block-count-up__text has-text-color has-text-align-center\"><\/div><\/div>\n<\/div><\/div><\/div>\n\n\n\n<div class=\"wp-block-stackable-column stk-block-column stk-column stk-block stk-fd04ffa stk-block-background stk--has-background-overlay\" data-block-id=\"fd04ffa\"><style>.stk-fd04ffa{background-image:url(https:\/\/www.protezionecivilecalabria.it\/wp-content\/uploads\/9d6870890a00-13fb-ce11-fe64-9a2052a1) !important}.stk-fd04ffa:hover{background-color:#000000 !important}.stk-fd04ffa:before{background-color:#000000 !important;opacity:0.3 !important}.stk-fd04ffa:hover:before{background-color:#000000 !important;opacity:0.8 !important}.stk-fd04ffa .stk-block-column__content{min-height:400px !important;display:flex !important}.stk-fd04ffa .stk-block-column__content{align-items:center !important}<\/style><div class=\"stk-column-wrapper stk-block-column__content stk-container stk-fd04ffa-container stk--no-background stk--no-padding\"><div class=\"stk-block-content stk-inner-blocks\">\n<div class=\"wp-block-stackable-heading stk-block-heading stk-block stk-ea3dd7e\" data-block-id=\"ea3dd7e\"><style>.stk-ea3dd7e .stk-block-heading__text{font-size:32px !important;margin:0 !important;color:#ffffff !important;font-weight:900 !important;text-transform:uppercase !important;font-style:italic !important;font-family:\"Titillium Web\",Sans-serif !important}@media screen and (max-width:1023px){.stk-ea3dd7e .stk-block-heading__text{font-size:32px !important}}<\/style><h2 class=\"stk-block-heading__text has-text-color has-text-align-center\">VOLONTARI DI PROTEZIONE CIVILE<\/h2><\/div>\n\n\n\n<div class=\"wp-block-stackable-count-up stk-block-count-up stk-block stk-09e79c0\" data-block-id=\"09e79c0\"><style>.stk-09e79c0 .stk-block-count-up__text{font-size:53px !important;color:#ffffff !important;font-weight:bold !important;font-family:\"Titillium Web\",Sans-serif !important}@media screen and (max-width:1023px){.stk-09e79c0 .stk-block-count-up__text{font-size:50px !important}}<\/style><div class=\"stk-block-count-up__text has-text-color has-text-align-center\"><\/div><\/div>\n<\/div><\/div><\/div>\n\n\n\n<div class=\"wp-block-stackable-column stk-block-column stk-column stk-block stk-b7812f4 stk-block-background stk--has-background-overlay\" data-block-id=\"b7812f4\"><style>.stk-b7812f4{background-image:url(https:\/\/www.protezionecivilecalabria.it\/wp-content\/uploads\/c0add6810100-4a1b-ce11-e226-67ba6bbc) !important}.stk-b7812f4:hover{background-color:#000000 !important}.stk-b7812f4:before{background-color:#000000 !important;opacity:0.3 !important}.stk-b7812f4:hover:before{background-color:#000000 !important;opacity:0.8 !important}.stk-b7812f4 .stk-block-column__content{min-height:400px !important;display:flex !important}.stk-b7812f4 .stk-block-column__content{align-items:center !important}<\/style><div class=\"stk-column-wrapper stk-block-column__content stk-container stk-b7812f4-container stk--no-background stk--no-padding\"><div class=\"stk-block-content stk-inner-blocks\">\n<div class=\"wp-block-stackable-heading stk-block-heading stk-block stk-4e924e0\" data-block-id=\"4e924e0\"><style>.stk-4e924e0 .stk-block-heading__text{font-size:32px !important;margin:0 !important;color:#ffffff !important;font-weight:900 !important;text-transform:uppercase !important;font-style:italic !important;font-family:\"Titillium Web\",Sans-serif !important}@media screen and (max-width:1023px){.stk-4e924e0 .stk-block-heading__text{font-size:32px !important}}<\/style><h2 class=\"stk-block-heading__text has-text-color has-text-align-center\">attivazioni a supporto <\/h2><\/div>\n\n\n\n<div class=\"wp-block-stackable-count-up stk-block-count-up stk-block stk-c7f2eff\" data-block-id=\"c7f2eff\"><style>.stk-c7f2eff .stk-block-count-up__text{font-size:53px !important;color:#ffffff !important;font-weight:bold !important;font-family:\"Titillium Web\",Sans-serif !important}@media screen and (max-width:1023px){.stk-c7f2eff .stk-block-count-up__text{font-size:50px !important}}<\/style><div class=\"stk-block-count-up__text has-text-color has-text-align-center\"><\/div><\/div>\n<\/div><\/div><\/div>\n<\/div><\/div>\n\n\n\n<div class=\"wp-block-stackable-image-box is-style-fade stk-block-image-box stk-hover-parent stk-block stk-ddefc76\" data-block-id=\"ddefc76\"><div class=\"stk-block-content stk-inner-blocks has-text-align-center stk-row stk-block-image-box__content\">\n<div class=\"wp-block-stackable-image stk-block-image stk-block stk-6b5f23a\" data-block-id=\"6b5f23a\"><style>.stk-6b5f23a .stk-img-wrapper img{object-position:50% 45% !important}:where(.stk-hover-parent:hover,.stk-hover-parent.stk--is-hovered) .stk-6b5f23a .stk-img-wrapper img{filter:brightness(0.3) !important}.stk-6b5f23a .stk-img-wrapper{height:350px !important}<\/style><figure class=\"stk-img-wrapper stk-image--shape-stretch\"><img loading=\"lazy\" class=\"stk-img wp-image-326\" src=\"https:\/\/www.protezionecivilecalabria.it\/wp-content\/uploads\/9d6870890a00-13fb-be11-fe8a-a4fa3af5\" width=\"990\" height=\"345\" srcset=\"https:\/\/www.protezionecivilecalabria.it\/\/wp-content\/uploads\/9d6870890a00-13fb-be11-fe8a-a4fa3af5 990w, https:\/\/www.protezionecivilecalabria.it\/\/wp-content\/uploads\/9d6870890a00-13fb-be11-fe8a-ffd1ec06 300w, https:\/\/www.protezionecivilecalabria.it\/\/wp-content\/uploads\/9d6870890a00-13fb-be11-fe8a-f7243036 768w\" sizes=\"(max-width: 990px) 100vw, 990px\" \/><\/figure><\/div>\n\n\n\n<div class=\"wp-block-stackable-column stk-block-column stk-column stk-block stk-7bad4f1\" data-block-id=\"7bad4f1\"><style>.stk-7bad4f1-container{background-color:transparent !important}.stk-7bad4f1-container:before{background-image:linear-gradient(180deg,transparent 0%,#000000 100%) !important}.stk-7bad4f1 .stk-block-column__content{display:flex !important}.stk-7bad4f1 .stk-block-column__content{align-items:flex-end !important}.stk-7bad4f1-container{margin-top:0px !important;margin-right:0px !important;margin-bottom:0px !important;margin-left:0px !important}<\/style><div class=\"stk-column-wrapper stk-block-column__content stk-container stk-7bad4f1-container stk-hover-parent stk--has-background-overlay\"><div class=\"stk-block-content stk-inner-blocks\">\n<div class=\"wp-block-stackable-subtitle stk-block-subtitle stk-block stk-824b2ae\" data-block-id=\"824b2ae\"><style>.stk-824b2ae{margin-bottom:8px !important}:where(.stk-hover-parent:hover,.stk-hover-parent.stk--is-hovered) .stk-824b2ae{opacity:0 !important}.stk-824b2ae .stk-block-subtitle__text{color:#FFFFFF !important}<\/style><p class=\"stk-block-subtitle__text stk-subtitle has-text-color has-white-color\">Nuovo Portale<\/p><\/div>\n\n\n\n<div class=\"wp-block-stackable-heading stk-block-heading stk-block stk-57bedbd\" data-block-id=\"57bedbd\"><style>:where(.stk-hover-parent:hover,.stk-hover-parent.stk--is-hovered) .stk-57bedbd{opacity:0 !important}.stk-57bedbd .stk-block-heading__text{color:#FFFFFF !important}<\/style><h4 class=\"stk-block-heading__text has-text-color has-white-color\">PROTEZIONE CIVILE CALABRIA<\/h4><\/div>\n\n\n\n<div class=\"wp-block-stackable-text stk-block-text stk-block stk-708df76\" data-block-id=\"708df76\"><style>.stk-708df76{right:0px !important;bottom:0px !important;left:0px !important;position:absolute !important;opacity:0 !important}:where(.stk-hover-parent:hover,.stk-hover-parent.stk--is-hovered) .stk-708df76{opacity:1 !important}.stk-708df76{transform:translateY(24px) !important}:where(.stk-hover-parent:hover,.stk-hover-parent.stk--is-hovered) .stk-708df76{transform:translateY(0px) !important}.stk-708df76 .stk-block-text__text{color:#FFFFFF !important}<\/style><p class=\"stk-block-text__text has-text-color has-white-color\">PORTALE PROTEZIONE CIVILE CALABRIA!<\/p><\/div>\n<\/div><\/div><\/div>\n<\/div><\/div>\n\n\n\n<div class=\"wp-block-stackable-text stk-block-text stk-block stk-69c360d\" data-block-id=\"69c360d\"><p class=\"stk-block-text__text\"><\/p><\/div>\n","protected":false},"excerpt":{"rendered":"<p>Volontariato Protezione Civile Calabria<\/p>\n","protected":false},"author":1,"featured_media":1450,"parent":0,"menu_order":0,"comment_status":"closed","ping_status":"closed","template":"page-nosidebar.php","meta":{"_EventAllDay":false,"_EventTimezone":"","_EventStartDate":"","_EventEndDate":"","_EventStartDateUTC":"","_EventEndDateUTC":"","_EventShowMap":false,"_EventShowMapLink":false,"_EventURL":"","_EventCost":"","_EventCostDescription":"","_EventCurrencySymbol":"","_EventCurrencyCode":"","_EventCurrencyPosition":"","_EventDateTimeSeparator":"","_EventTimeRangeSeparator":"","_EventOrganizerID":[],"_EventVenueID":0,"_OrganizerEmail":"","_OrganizerPhone":"","_OrganizerWebsite":"","_VenueAddress":"","_VenueCity":"","_VenueCountry":"","_VenueProvince":"","_VenueZip":"","_VenuePhone":"","_VenueURL":"","_VenueStateProvince":"","_VenueLat":"","_VenueLng":"","_price":"","_stock":"","_tribe_ticket_header":"","_tribe_default_ticket_provider":"","_tribe_ticket_capacity":"0","_ticket_start_date":"","_ticket_end_date":"","_tribe_ticket_show_description":"","_tribe_ticket_show_not_going":false,"_tribe_ticket_use_global_stock":"","_tribe_ticket_global_stock_level":"","_global_stock_mode":"","_global_stock_cap":"","_tribe_rsvp_for_event":"","_tribe_ticket_going_count":"","_tribe_ticket_not_going_count":"","_tribe_tickets_list":[],"_tribe_ticket_has_attendee_info_fields":false},"tags":[29,97,57],"featured_image_urls":{"full":["https:\/\/www.protezionecivilecalabria.it\/\/wp-content\/uploads\/9d6870890a00-13fb-ce11-8436-832054b0",230,230,false],"thumbnail":["https:\/\/www.protezionecivilecalabria.it\/\/wp-content\/uploads\/9d6870890a00-13fb-ce11-8436-fad267c0",150,150,true],"medium":["https:\/\/www.protezionecivilecalabria.it\/\/wp-content\/uploads\/9d6870890a00-13fb-ce11-8436-832054b0",230,230,false],"medium_large":["https:\/\/www.protezionecivilecalabria.it\/\/wp-content\/uploads\/9d6870890a00-13fb-ce11-8436-832054b0",230,230,false],"large":["https:\/\/www.protezionecivilecalabria.it\/\/wp-content\/uploads\/9d6870890a00-13fb-ce11-8436-832054b0",230,230,false],"1536x1536":["https:\/\/www.protezionecivilecalabria.it\/\/wp-content\/uploads\/9d6870890a00-13fb-ce11-8436-832054b0",230,230,false],"2048x2048":["https:\/\/www.protezionecivilecalabria.it\/\/wp-content\/uploads\/9d6870890a00-13fb-ce11-8436-832054b0",230,230,false],"post-thumbnails":["https:\/\/www.protezionecivilecalabria.it\/\/wp-content\/uploads\/9d6870890a00-13fb-ce11-8436-832054b0",230,230,false],"news-image":["https:\/\/www.protezionecivilecalabria.it\/\/wp-content\/uploads\/9d6870890a00-13fb-ce11-8436-b6638ad0",230,220,true],"gallery-preview":["https:\/\/www.protezionecivilecalabria.it\/\/wp-content\/uploads\/9d6870890a00-13fb-ce11-8436-d9fb4de0",80,80,true],"shareaholic-thumbnail":["https:\/\/www.protezionecivilecalabria.it\/\/wp-content\/uploads\/9d6870890a00-13fb-ce11-8436-832054b0",230,230,false],"tptn_thumbnail":["https:\/\/www.protezionecivilecalabria.it\/\/wp-content\/uploads\/9d6870890a00-13fb-ce11-8436-8fbb6001",75,60,true]},"post_excerpt_stackable":"<p>Volontariato Protezione Civile Calabria<\/p>\n","category_list":"","author_info":{"name":"ftrinca","url":"https:\/\/www.protezionecivilecalabria.it\/?author=1"},"comments_num":"0 comments","ticketed":false,"_links":{"self":[{"href":"https:\/\/www.protezionecivilecalabria.it\/index.php?rest_route=\/wp\/v2\/pages\/594"}],"collection":[{"href":"https:\/\/www.protezionecivilecalabria.it\/index.php?rest_route=\/wp\/v2\/pages"}],"about":[{"href":"https:\/\/www.protezionecivilecalabria.it\/index.php?rest_route=\/wp\/v2\/types\/page"}],"author":[{"embeddable":true,"href":"https:\/\/www.protezionecivilecalabria.it\/index.php?rest_route=\/wp\/v2\/users\/1"}],"replies":[{"embeddable":true,"href":"https:\/\/www.protezionecivilecalabria.it\/index.php?rest_route=%2Fwp%2Fv2%2Fcomments&post=594"}],"version-history":[{"count":43,"href":"https:\/\/www.protezionecivilecalabria.it\/index.php?rest_route=\/wp\/v2\/pages\/594\/revisions"}],"predecessor-version":[{"id":8050,"href":"https:\/\/www.protezionecivilecalabria.it\/index.php?rest_route=\/wp\/v2\/pages\/594\/revisions\/8050"}],"wp:featuredmedia":[{"embeddable":true,"href":"https:\/\/www.protezionecivilecalabria.it\/index.php?rest_route=\/wp\/v2\/media\/1450"}],"wp:attachment":[{"href":"https:\/\/www.protezionecivilecalabria.it\/index.php?rest_route=%2Fwp%2Fv2%2Fmedia&parent=594"}],"wp:term":[{"taxonomy":"post_tag","embeddable":true,"href":"https:\/\/www.protezionecivilecalabria.it\/index.php?rest_route=%2Fwp%2Fv2%2Ftags&post=594"}],"curies":[{"name":"wp","href":"https:\/\/api.w.org\/{rel}","templated":true}]}}